{"id":631,"date":"2018-11-15T17:30:01","date_gmt":"2018-11-15T17:30:01","guid":{"rendered":"https:\/\/businecon.com\/?page_id=631"},"modified":"2018-11-15T17:30:01","modified_gmt":"2018-11-15T17:30:01","slug":"631-2","status":"publish","type":"page","link":"https:\/\/businecon.com\/en\/631-2\/","title":{"rendered":""},"content":{"rendered":"","protected":false},"excerpt":{"rendered":"","protected":false},"author":1,"featured_media":0,"parent":0,"menu_order":0,"comment_status":"closed","ping_status":"closed","template":"tpl-king_composer.php","meta":[],"yoast_head":"<!-- This site is optimized with the Yoast SEO plugin v20.5 - https:\/\/yoast.com\/wordpress\/plugins\/seo\/ -->\n<title>- Business Economics<\/title>\n<meta name=\"description\" content=\"Empresa de consultor\u00eda con 9 a\u00f1os de experiencia en el planeamiento y elaboraci\u00f3n de estudios t\u00e9cnicos de precios de transferencia que maximicen el valor de las empresas en el largo plazo, trabajando de la mano con nuestros clientes.\" \/>\n<meta name=\"robots\" content=\"index, follow, max-snippet:-1, max-image-preview:large, max-video-preview:-1\" \/>\n<link rel=\"canonical\" href=\"https:\/\/businecon.com\/en\/631-2\/\" \/>\n<meta property=\"og:locale\" content=\"en_US\" \/>\n<meta property=\"og:type\" content=\"article\" \/>\n<meta property=\"og:title\" content=\"- Business Economics\" \/>\n<meta property=\"og:description\" content=\"Empresa de consultor\u00eda con 9 a\u00f1os de experiencia en el planeamiento y elaboraci\u00f3n de estudios t\u00e9cnicos de precios de transferencia que maximicen el valor de las empresas en el largo plazo, trabajando de la mano con nuestros clientes.\" \/>\n<meta property=\"og:url\" content=\"https:\/\/businecon.com\/en\/631-2\/\" \/>\n<meta property=\"og:site_name\" content=\"Business Economics\" \/>\n<meta property=\"article:publisher\" content=\"https:\/\/www.facebook.com\/Businecon-175734209019\/\" \/>\n<meta name=\"twitter:card\" content=\"summary_large_image\" \/>\n<meta name=\"twitter:site\" content=\"@businecon\" \/>\n<script type=\"application\/ld+json\" class=\"yoast-schema-graph\">{\"@context\":\"https:\/\/schema.org\",\"@graph\":[{\"@type\":\"WebPage\",\"@id\":\"https:\/\/businecon.com\/631-2\/\",\"url\":\"https:\/\/businecon.com\/631-2\/\",\"name\":\"- Business Economics\",\"isPartOf\":{\"@id\":\"https:\/\/businecon.com\/#website\"},\"datePublished\":\"2018-11-15T17:30:01+00:00\",\"dateModified\":\"2018-11-15T17:30:01+00:00\",\"description\":\"Empresa de consultor\u00eda con 9 a\u00f1os de experiencia en el planeamiento y elaboraci\u00f3n de estudios t\u00e9cnicos de precios de transferencia que maximicen el valor de las empresas en el largo plazo, trabajando de la mano con nuestros clientes.\",\"inLanguage\":\"en-US\",\"potentialAction\":[{\"@type\":\"ReadAction\",\"target\":[\"https:\/\/businecon.com\/631-2\/\"]}]},{\"@type\":\"WebSite\",\"@id\":\"https:\/\/businecon.com\/#website\",\"url\":\"https:\/\/businecon.com\/\",\"name\":\"Business Economics\",\"description\":\"Business Economics es una empresa de consultor\u00eda en el planeamiento y elaboraci\u00f3n de estudios t\u00e9cnicos de transferencia que maximicen el valor de las empresas en el largo plazo.\",\"publisher\":{\"@id\":\"https:\/\/businecon.com\/#organization\"},\"potentialAction\":[{\"@type\":\"SearchAction\",\"target\":{\"@type\":\"EntryPoint\",\"urlTemplate\":\"https:\/\/businecon.com\/?s={search_term_string}\"},\"query-input\":\"required name=search_term_string\"}],\"inLanguage\":\"en-US\"},{\"@type\":\"Organization\",\"@id\":\"https:\/\/businecon.com\/#organization\",\"name\":\"Business Economics\",\"url\":\"https:\/\/businecon.com\/\",\"logo\":{\"@type\":\"ImageObject\",\"inLanguage\":\"en-US\",\"@id\":\"https:\/\/businecon.com\/#\/schema\/logo\/image\/\",\"url\":\"https:\/\/businecon.com\/wp-content\/uploads\/2018\/09\/FAVICON-3.png\",\"contentUrl\":\"https:\/\/businecon.com\/wp-content\/uploads\/2018\/09\/FAVICON-3.png\",\"width\":80,\"height\":80,\"caption\":\"Business Economics\"},\"image\":{\"@id\":\"https:\/\/businecon.com\/#\/schema\/logo\/image\/\"},\"sameAs\":[\"https:\/\/www.facebook.com\/Businecon-175734209019\/\",\"https:\/\/twitter.com\/businecon\",\"https:\/\/www.instagram.com\/businecon\/\"]}]}<\/script>\n<!-- \/ Yoast SEO plugin. -->","yoast_head_json":{"title":"- Business Economics","description":"Empresa de consultor\u00eda con 9 a\u00f1os de experiencia en el planeamiento y elaboraci\u00f3n de estudios t\u00e9cnicos de precios de transferencia que maximicen el valor de las empresas en el largo plazo, trabajando de la mano con nuestros clientes.","robots":{"index":"index","follow":"follow","max-snippet":"max-snippet:-1","max-image-preview":"max-image-preview:large","max-video-preview":"max-video-preview:-1"},"canonical":"https:\/\/businecon.com\/en\/631-2\/","og_locale":"en_US","og_type":"article","og_title":"- Business Economics","og_description":"Empresa de consultor\u00eda con 9 a\u00f1os de experiencia en el planeamiento y elaboraci\u00f3n de estudios t\u00e9cnicos de precios de transferencia que maximicen el valor de las empresas en el largo plazo, trabajando de la mano con nuestros clientes.","og_url":"https:\/\/businecon.com\/en\/631-2\/","og_site_name":"Business Economics","article_publisher":"https:\/\/www.facebook.com\/Businecon-175734209019\/","twitter_card":"summary_large_image","twitter_site":"@businecon","schema":{"@context":"https:\/\/schema.org","@graph":[{"@type":"WebPage","@id":"https:\/\/businecon.com\/631-2\/","url":"https:\/\/businecon.com\/631-2\/","name":"- Business Economics","isPartOf":{"@id":"https:\/\/businecon.com\/#website"},"datePublished":"2018-11-15T17:30:01+00:00","dateModified":"2018-11-15T17:30:01+00:00","description":"Empresa de consultor\u00eda con 9 a\u00f1os de experiencia en el planeamiento y elaboraci\u00f3n de estudios t\u00e9cnicos de precios de transferencia que maximicen el valor de las empresas en el largo plazo, trabajando de la mano con nuestros clientes.","inLanguage":"en-US","potentialAction":[{"@type":"ReadAction","target":["https:\/\/businecon.com\/631-2\/"]}]},{"@type":"WebSite","@id":"https:\/\/businecon.com\/#website","url":"https:\/\/businecon.com\/","name":"Business Economics","description":"Business Economics es una empresa de consultor\u00eda en el planeamiento y elaboraci\u00f3n de estudios t\u00e9cnicos de transferencia que maximicen el valor de las empresas en el largo plazo.","publisher":{"@id":"https:\/\/businecon.com\/#organization"},"potentialAction":[{"@type":"SearchAction","target":{"@type":"EntryPoint","urlTemplate":"https:\/\/businecon.com\/?s={search_term_string}"},"query-input":"required name=search_term_string"}],"inLanguage":"en-US"},{"@type":"Organization","@id":"https:\/\/businecon.com\/#organization","name":"Business Economics","url":"https:\/\/businecon.com\/","logo":{"@type":"ImageObject","inLanguage":"en-US","@id":"https:\/\/businecon.com\/#\/schema\/logo\/image\/","url":"https:\/\/businecon.com\/wp-content\/uploads\/2018\/09\/FAVICON-3.png","contentUrl":"https:\/\/businecon.com\/wp-content\/uploads\/2018\/09\/FAVICON-3.png","width":80,"height":80,"caption":"Business Economics"},"image":{"@id":"https:\/\/businecon.com\/#\/schema\/logo\/image\/"},"sameAs":["https:\/\/www.facebook.com\/Businecon-175734209019\/","https:\/\/twitter.com\/businecon","https:\/\/www.instagram.com\/businecon\/"]}]}},"_links":{"self":[{"href":"https:\/\/businecon.com\/en\/wp-json\/wp\/v2\/pages\/631"}],"collection":[{"href":"https:\/\/businecon.com\/en\/wp-json\/wp\/v2\/pages"}],"about":[{"href":"https:\/\/businecon.com\/en\/wp-json\/wp\/v2\/types\/page"}],"author":[{"embeddable":true,"href":"https:\/\/businecon.com\/en\/wp-json\/wp\/v2\/users\/1"}],"replies":[{"embeddable":true,"href":"https:\/\/businecon.com\/en\/wp-json\/wp\/v2\/comments?post=631"}],"version-history":[{"count":0,"href":"https:\/\/businecon.com\/en\/wp-json\/wp\/v2\/pages\/631\/revisions"}],"wp:attachment":[{"href":"https:\/\/businecon.com\/en\/wp-json\/wp\/v2\/media?parent=631"}],"curies":[{"name":"wp","href":"https:\/\/api.w.org\/{rel}","templated":true}]}}