{"id":489,"date":"2018-09-01T17:36:36","date_gmt":"2018-09-01T17:36:36","guid":{"rendered":"http:\/\/businecon.com\/?page_id=489"},"modified":"2020-08-25T18:43:39","modified_gmt":"2020-08-25T23:43:39","slug":"nuestro-enfoque","status":"publish","type":"page","link":"https:\/\/businecon.com\/en\/nuestro-enfoque\/","title":{"rendered":"Our Approach"},"content":{"rendered":"<section class=\"kc-elm kc-css-238597 kc_row\"><div class=\"kc-row-container  kc-container\"><div class=\"kc-wrap-columns\"><div class=\"kc-elm kc-css-38148 kc_col-sm-12 kc_column kc_col-sm-12\"><div class=\"kc-col-container\"><div class=\"kc-elm kc-css-805688\" style=\"height: 50px; clear: both; width:100%;\"><\/div><div class=\"kc-elm kc-css-656897 kc_text_block\"><\/p>\n<h3 style=\"text-align: center;\"><\/h3>\n<p><img decoding=\"async\" loading=\"lazy\" class=\"alignright\" src=\"https:\/\/businecon.com\/wp-content\/uploads\/2019\/06\/Foto-grupal-final.jpg\" alt=\"\" width=\"500\" height=\"200\" \/><\/p>\n<h3><strong>Shared Goals<\/strong><\/h3>\n<p><strong>\u00a0<\/strong><br \/>\nBusiness Economics\u2122 enfoca el negocio de cada uno de sus clientes como si fuera el suyo. Creemos que una empresa de consultor\u00eda debe ser m\u00e1s que un simple consultor. Nos ponemos en los zapatos de nuestros clientes, alineamos nuestra motivaci\u00f3n con sus objetivos y colaboramos para desarrollar todo el potencial de su negocio. Esto crea relaciones profundas y duraderas.<\/p>\n<h3><strong>\u00a0<\/strong><\/h3>\n<h3><strong>\u00a0<\/strong><\/h3>\n<h3><strong>Consistent Results<\/strong><\/h3>\n<p><strong>\u00a0<\/strong><br \/>\nConsistent results mean pragmatic results, action-oriented, lasting and repeatable. These require tailored solutions, which are not limited to the boundaries of functional departments, industries, geographies, or hierarchies.<\/p>\n<p>In corporate finance, our services focus on providing innovative solutions to current economic and financial problems of companies, institutions and private individuals, making the most of the use of available resources of the company and its environment, with a creative team work. Thus, our approach allows us to serve in the best possible way.<\/p>\n<p style=\"padding-left: 30px;\"><em>\u201cWe search to propose useful solutions that facilitate or improve the economic and financial management of companies, institutions, and private individuals\u201d.<\/em><\/p>\n<p>In transfer pricing, our services focus on providing consultancy that complies with the fiscal requirements according to the specific tax laws of the different countries where the companies operate. Our advice is practical, we don\u2019t apply a theoretical approach. Instead, we assist companies in the implementation of transfer pricing policies within their systems and are simple enough to be managed throughout the years. At the same time, we offer advice after the transfer pricing reports have been completed, staying available to assist our clients with financial and fiscal audits that may occur.<\/p>\n<p>\n<\/div><div class=\"kc-elm kc-css-17440\" style=\"height: 20px; clear: both; width:100%;\"><\/div><\/div><\/div><\/div><\/div><\/section>","protected":false},"excerpt":{"rendered":"","protected":false},"author":1,"featured_media":0,"parent":0,"menu_order":0,"comment_status":"closed","ping_status":"closed","template":"tpl-king_composer.php","meta":[],"yoast_head":"<!-- This site is optimized with the Yoast SEO plugin v20.5 - https:\/\/yoast.com\/wordpress\/plugins\/seo\/ -->\n<title>Businecon - Nuestro Enfoque<\/title>\n<meta name=\"description\" content=\"En Businecon, Nuestro Enfoque se resume en Objetivos Compartidos y Resultados Concretos. Alineamos nuestros incentivos con sus objetivos.\" \/>\n<meta name=\"robots\" content=\"index, follow, max-snippet:-1, max-image-preview:large, max-video-preview:-1\" \/>\n<link rel=\"canonical\" href=\"https:\/\/businecon.com\/en\/nuestro-enfoque\/\" \/>\n<meta property=\"og:locale\" content=\"en_US\" \/>\n<meta property=\"og:type\" content=\"article\" \/>\n<meta property=\"og:title\" content=\"Businecon - Nuestro Enfoque\" \/>\n<meta property=\"og:description\" content=\"En Businecon, Nuestro Enfoque se resume en Objetivos Compartidos y Resultados Concretos. Alineamos nuestros incentivos con sus objetivos.\" \/>\n<meta property=\"og:url\" content=\"https:\/\/businecon.com\/en\/nuestro-enfoque\/\" \/>\n<meta property=\"og:site_name\" content=\"Business Economics\" \/>\n<meta property=\"article:publisher\" content=\"https:\/\/www.facebook.com\/Businecon-175734209019\/\" \/>\n<meta property=\"article:modified_time\" content=\"2020-08-25T23:43:39+00:00\" \/>\n<meta property=\"og:image\" content=\"https:\/\/businecon.com\/wp-content\/uploads\/2019\/06\/Foto-grupal-final.jpg\" \/>\n<meta name=\"twitter:card\" content=\"summary_large_image\" \/>\n<meta name=\"twitter:site\" content=\"@businecon\" \/>\n<meta name=\"twitter:label1\" content=\"Est. reading time\" \/>\n\t<meta name=\"twitter:data1\" content=\"2 minutes\" \/>\n<script type=\"application\/ld+json\" class=\"yoast-schema-graph\">{\"@context\":\"https:\/\/schema.org\",\"@graph\":[{\"@type\":\"WebPage\",\"@id\":\"https:\/\/businecon.com\/nuestro-enfoque\/\",\"url\":\"https:\/\/businecon.com\/nuestro-enfoque\/\",\"name\":\"Businecon - Nuestro Enfoque\",\"isPartOf\":{\"@id\":\"https:\/\/businecon.com\/#website\"},\"datePublished\":\"2018-09-01T17:36:36+00:00\",\"dateModified\":\"2020-08-25T23:43:39+00:00\",\"description\":\"En Businecon, Nuestro Enfoque se resume en Objetivos Compartidos y Resultados Concretos. Alineamos nuestros incentivos con sus objetivos.\",\"breadcrumb\":{\"@id\":\"https:\/\/businecon.com\/nuestro-enfoque\/#breadcrumb\"},\"inLanguage\":\"en-US\",\"potentialAction\":[{\"@type\":\"ReadAction\",\"target\":[\"https:\/\/businecon.com\/nuestro-enfoque\/\"]}]},{\"@type\":\"BreadcrumbList\",\"@id\":\"https:\/\/businecon.com\/nuestro-enfoque\/#breadcrumb\",\"itemListElement\":[{\"@type\":\"ListItem\",\"position\":1,\"name\":\"Portada\",\"item\":\"https:\/\/businecon.com\/\"},{\"@type\":\"ListItem\",\"position\":2,\"name\":\"Nuestro Enfoque\"}]},{\"@type\":\"WebSite\",\"@id\":\"https:\/\/businecon.com\/#website\",\"url\":\"https:\/\/businecon.com\/\",\"name\":\"Business Economics\",\"description\":\"Business Economics es una empresa de consultor\u00eda en el planeamiento y elaboraci\u00f3n de estudios t\u00e9cnicos de transferencia que maximicen el valor de las empresas en el largo plazo.\",\"publisher\":{\"@id\":\"https:\/\/businecon.com\/#organization\"},\"potentialAction\":[{\"@type\":\"SearchAction\",\"target\":{\"@type\":\"EntryPoint\",\"urlTemplate\":\"https:\/\/businecon.com\/?s={search_term_string}\"},\"query-input\":\"required name=search_term_string\"}],\"inLanguage\":\"en-US\"},{\"@type\":\"Organization\",\"@id\":\"https:\/\/businecon.com\/#organization\",\"name\":\"Business Economics\",\"url\":\"https:\/\/businecon.com\/\",\"logo\":{\"@type\":\"ImageObject\",\"inLanguage\":\"en-US\",\"@id\":\"https:\/\/businecon.com\/#\/schema\/logo\/image\/\",\"url\":\"https:\/\/businecon.com\/wp-content\/uploads\/2018\/09\/FAVICON-3.png\",\"contentUrl\":\"https:\/\/businecon.com\/wp-content\/uploads\/2018\/09\/FAVICON-3.png\",\"width\":80,\"height\":80,\"caption\":\"Business Economics\"},\"image\":{\"@id\":\"https:\/\/businecon.com\/#\/schema\/logo\/image\/\"},\"sameAs\":[\"https:\/\/www.facebook.com\/Businecon-175734209019\/\",\"https:\/\/twitter.com\/businecon\",\"https:\/\/www.instagram.com\/businecon\/\"]}]}<\/script>\n<!-- \/ Yoast SEO plugin. -->","yoast_head_json":{"title":"Businecon - Nuestro Enfoque","description":"En Businecon, Nuestro Enfoque se resume en Objetivos Compartidos y Resultados Concretos. Alineamos nuestros incentivos con sus objetivos.","robots":{"index":"index","follow":"follow","max-snippet":"max-snippet:-1","max-image-preview":"max-image-preview:large","max-video-preview":"max-video-preview:-1"},"canonical":"https:\/\/businecon.com\/en\/nuestro-enfoque\/","og_locale":"en_US","og_type":"article","og_title":"Businecon - Nuestro Enfoque","og_description":"En Businecon, Nuestro Enfoque se resume en Objetivos Compartidos y Resultados Concretos. Alineamos nuestros incentivos con sus objetivos.","og_url":"https:\/\/businecon.com\/en\/nuestro-enfoque\/","og_site_name":"Business Economics","article_publisher":"https:\/\/www.facebook.com\/Businecon-175734209019\/","article_modified_time":"2020-08-25T23:43:39+00:00","og_image":[{"url":"https:\/\/businecon.com\/wp-content\/uploads\/2019\/06\/Foto-grupal-final.jpg"}],"twitter_card":"summary_large_image","twitter_site":"@businecon","twitter_misc":{"Est. reading time":"2 minutes"},"schema":{"@context":"https:\/\/schema.org","@graph":[{"@type":"WebPage","@id":"https:\/\/businecon.com\/nuestro-enfoque\/","url":"https:\/\/businecon.com\/nuestro-enfoque\/","name":"Businecon - Nuestro Enfoque","isPartOf":{"@id":"https:\/\/businecon.com\/#website"},"datePublished":"2018-09-01T17:36:36+00:00","dateModified":"2020-08-25T23:43:39+00:00","description":"En Businecon, Nuestro Enfoque se resume en Objetivos Compartidos y Resultados Concretos. Alineamos nuestros incentivos con sus objetivos.","breadcrumb":{"@id":"https:\/\/businecon.com\/nuestro-enfoque\/#breadcrumb"},"inLanguage":"en-US","potentialAction":[{"@type":"ReadAction","target":["https:\/\/businecon.com\/nuestro-enfoque\/"]}]},{"@type":"BreadcrumbList","@id":"https:\/\/businecon.com\/nuestro-enfoque\/#breadcrumb","itemListElement":[{"@type":"ListItem","position":1,"name":"Portada","item":"https:\/\/businecon.com\/"},{"@type":"ListItem","position":2,"name":"Nuestro Enfoque"}]},{"@type":"WebSite","@id":"https:\/\/businecon.com\/#website","url":"https:\/\/businecon.com\/","name":"Business Economics","description":"Business Economics es una empresa de consultor\u00eda en el planeamiento y elaboraci\u00f3n de estudios t\u00e9cnicos de transferencia que maximicen el valor de las empresas en el largo plazo.","publisher":{"@id":"https:\/\/businecon.com\/#organization"},"potentialAction":[{"@type":"SearchAction","target":{"@type":"EntryPoint","urlTemplate":"https:\/\/businecon.com\/?s={search_term_string}"},"query-input":"required name=search_term_string"}],"inLanguage":"en-US"},{"@type":"Organization","@id":"https:\/\/businecon.com\/#organization","name":"Business Economics","url":"https:\/\/businecon.com\/","logo":{"@type":"ImageObject","inLanguage":"en-US","@id":"https:\/\/businecon.com\/#\/schema\/logo\/image\/","url":"https:\/\/businecon.com\/wp-content\/uploads\/2018\/09\/FAVICON-3.png","contentUrl":"https:\/\/businecon.com\/wp-content\/uploads\/2018\/09\/FAVICON-3.png","width":80,"height":80,"caption":"Business Economics"},"image":{"@id":"https:\/\/businecon.com\/#\/schema\/logo\/image\/"},"sameAs":["https:\/\/www.facebook.com\/Businecon-175734209019\/","https:\/\/twitter.com\/businecon","https:\/\/www.instagram.com\/businecon\/"]}]}},"_links":{"self":[{"href":"https:\/\/businecon.com\/en\/wp-json\/wp\/v2\/pages\/489"}],"collection":[{"href":"https:\/\/businecon.com\/en\/wp-json\/wp\/v2\/pages"}],"about":[{"href":"https:\/\/businecon.com\/en\/wp-json\/wp\/v2\/types\/page"}],"author":[{"embeddable":true,"href":"https:\/\/businecon.com\/en\/wp-json\/wp\/v2\/users\/1"}],"replies":[{"embeddable":true,"href":"https:\/\/businecon.com\/en\/wp-json\/wp\/v2\/comments?post=489"}],"version-history":[{"count":0,"href":"https:\/\/businecon.com\/en\/wp-json\/wp\/v2\/pages\/489\/revisions"}],"wp:attachment":[{"href":"https:\/\/businecon.com\/en\/wp-json\/wp\/v2\/media?parent=489"}],"curies":[{"name":"wp","href":"https:\/\/api.w.org\/{rel}","templated":true}]}}