{"id":473,"date":"2018-09-01T17:01:13","date_gmt":"2018-09-01T17:01:13","guid":{"rendered":"http:\/\/businecon.com\/?page_id=473"},"modified":"2020-08-25T18:47:26","modified_gmt":"2020-08-25T23:47:26","slug":"quienes","status":"publish","type":"page","link":"https:\/\/businecon.com\/en\/quienes\/","title":{"rendered":"About Us"},"content":{"rendered":"<section class=\"kc-elm kc-css-231659 kc_row\"><div class=\"kc-row-container  kc-container\"><div class=\"kc-wrap-columns\"><div class=\"kc-elm kc-css-191697 kc_col-sm-12 kc_column kc_col-sm-12\"><div class=\"kc-col-container\"><div class=\"kc-elm kc-css-224761\" style=\"height: 50px; clear: both; width:100%;\"><\/div><div class=\"kc-elm kc-css-864551 kc_text_block\"><\/p>\n<p><img decoding=\"async\" loading=\"lazy\" class=\"alignright\" src=\"https:\/\/businecon.com\/wp-content\/uploads\/2019\/06\/edificio-1.jpg\" alt=\"\" width=\"528\" height=\"530\" \/><\/p>\n<p style=\"text-align: left;\">Fundada en el a\u00f1o 2009, <strong>Business Economics<\/strong><b>\u2122<\/b>, is an economic and financial consulting company that focuses on excellence and innovation of its services. We work hand in hand with our clients in the implementation of strategies that maximize the value of companies in the medium to long-term.<\/p>\n<p style=\"text-align: left;\">El \u00e9xito de <strong>Business Economics<\/strong><b>\u2122<\/b> es medido basado en los resultados y logros de nuestro trabajo y en el testimonio de nuestros clientes.<\/p>\n<p style=\"text-align: left;\"><b><strong>Business Economics<\/strong>\u2122<\/b> ofrece servicios de consultor\u00eda y asesor\u00eda en tres campos: precios de transferencia, finanzas corporativas y consultor\u00eda de negocios.<\/p>\n<p style=\"text-align: left;\"><b><strong>Business Economics<\/strong>\u2122<\/b> cuenta con m\u00e1s de 10 a\u00f1os de experiencia en precios de transferencia, las finanzas corporativas y consultor\u00eda de negocios. A lo largo de este tiempo se ha podido atender a m\u00e1s de 100 empresas de diversos tama\u00f1os y sectores, tales como: agroindustria, textil, comercio al por mayor y menor, automotriz, construcci\u00f3n, transporte, servicios log\u00edsticos, entre otros. Nuestra principal ventaja competitiva es el conocimiento y capacidad anal\u00edtica para proporcionar consultor\u00eda que a\u00f1ada valor a sus clientes.<\/p>\n<p style=\"text-align: left;\"><strong>Business Economics<\/strong>\u2122 es firma aliada de la red global <b>Transfer Pricing Associates<\/b> \u2013 TPA global, la cual abarca m\u00e1s de 50 pa\u00edses, con profesionales que cuentan con amplia experiencia profesional y sectorial y que son capaces de ofrecer cobertura global con respecto a todos los aspectos de negocios, econ\u00f3micos y operativos de los sistemas de precios de transferencia utilizados por multinacionales.<\/p>\n<p class=\"intro\" style=\"text-align: left;\"><span class=\"accent\">\u00a0<\/span><\/p>\n<div class=\"span6\" style=\"text-align: left;\"><\/div>\n<p>\n<\/div><div class=\"kc-elm kc-css-127836 kc_text_block\"><\/p>\n<ul>\n<li><img decoding=\"async\" loading=\"lazy\" class=\"size-large alignright\" src=\"https:\/\/businecon.com\/wp-content\/uploads\/2019\/06\/Foto-grupal-2-final.jpg\" alt=\"\" width=\"528\" height=\"828\" \/><\/li>\n<\/ul>\n<h3><strong>Our Vision<\/strong><\/h3>\n<p><strong>\u00a0<\/strong><br \/>\nBe a recognized firm in economic and financial consulting at local and international level, through a work with excellence, and useful and innovative proposals to society, within a period of three years.<\/p>\n<h3><strong>\u00a0<\/strong><\/h3>\n<p><strong>\u00a0<\/strong><\/p>\n<h3><strong>Our Mission<\/strong><\/h3>\n<p><strong>\u00a0<\/strong><br \/>\nSomos una compa\u00f1\u00eda de consultor\u00eda econ\u00f3mica y financiera que se enfoca en la excelencia e innovaci\u00f3n en su servicio. Trabajamos de la mano con nuestros clientes en la implementaci\u00f3n de estrategias que maximicen el valor de las empresas en el mediano y largo plazo.<\/p>\n<h3><strong>\u00a0<\/strong><\/h3>\n<p><strong>\u00a0<\/strong><\/p>\n<h3><strong>Our Values<\/strong><\/h3>\n<p><strong>\u00a0<\/strong><br \/>\nOur fundamental values are:<\/p>\n<ul>\n<li>\u2022 Integrity and professional ethics.<\/li>\n<li>\u2022 Discipline, punctuality, responsibility and honesty.<\/li>\n<li>\u2022 Excellence and innovation in the service.<\/li>\n<li>\u2022 Friendly, respectful and helpful treatment.<\/li>\n<li>\u2022 Creative team work.<\/li>\n<\/ul>\n<h3><strong>\u00a0<\/strong><\/h3>\n<h3><strong>\u00a0<\/strong><\/h3>\n<h3><strong>Diversity and Inclusion<\/strong><\/h3>\n<p><strong>\u00a0<\/strong><br \/>\nAt\u00a0<strong>Business Economics<\/strong>\u00a0At Businecon, we respect and value the differences. We know that when people with diverse experiences and points of view work together, they can create brilliant ideas for our clients and society.<\/p>\n<h3><strong>\u00a0<\/strong><\/h3>\n<h3><strong>\u00a0<\/strong><\/h3>\n<h3><strong>Social Responsibility<\/strong><\/h3>\n<p><strong>\u00a0<\/strong><br \/>\nAt\u00a0<strong>Business Economics<\/strong>\u00a0creemos 100% en el rol de hacer empresa como un medio para proveer bienestar y desarrollo a los individuos, su entorno y a la sociedad en general. Es as\u00ed que entre las acciones de responsabilidad social corporativa que ejecuta la Compa\u00f1\u00eda, est\u00e1n:<\/p>\n<ul>\n<li>\u2022 Fair labor treatment.<\/li>\n<li>\u2022 Constant staff training.<\/li>\n<li>\u2022 Recycling of office waste.<\/li>\n<li>\u2022 Participation in donation campaigns in emergency situations, among others.<\/li>\n<li>\u2022 Free and low-cost advices on issues of economics and finance to micro-entrepreneurs or low-income people, to encourage the proper use of resources throughout financial planning (reduction of debts, savings, and investment, among others).<\/li>\n<\/ul>\n<h3><strong>\u00a0<\/strong><\/h3>\n<h3><strong>\u00a0<\/strong><\/h3>\n<h3><strong>Testimonials<\/strong><\/h3>\n<p><strong>\u00a0<\/strong><\/p>\n<h4><strong>Eliana Torres<\/strong><\/h4>\n<h5><strong>Accountant<\/strong><\/h5>\n<h6><strong>Comercializadora S&amp;E Per\u00fa S.A.C.<\/strong><\/h6>\n<h3><strong>\u00a0<\/strong><\/h3>\n<p>\u201cTrabajamos con Business Economics ya varios a\u00f1os y a pesar del tiempo transcurrido siempre destacan por su responsabilidad y competencia en el trabajo que realizan, por lo que estamos totalmente satisfechos.<\/p>\n<p>All my calls and emails are answered immediately as they develop excellent personalized attention, something that distinguishes them from most companies in the sector.\"<\/p>\n<h3><strong>\u00a0<\/strong><\/h3>\n<h3><strong>\u00a0<\/strong><\/h3>\n<h4><strong>Ana Madrid<\/strong><\/h4>\n<h5><strong>Accountant General<\/strong><\/h5>\n<h6><strong>Servicios A\u00e9reos de Los Andes S.A.C.<\/strong><\/h6>\n<h3><strong>\u00a0<\/strong><\/h3>\n<p>\u201cNuestra experiencia con la empresa Business Economics es totalmente satisfactoria y excelente.<\/p>\n<p>At all times they care and are attentive to our needs by getting involved in them and adapting to our maximum possible deadlines.<\/p>\n<p>What we value most in all these years of work is the dedication in the entire work process, as well as the support, follow-up and subsequent advice, it is the personalized attention they offer, something that distinguishes them from most companies in the sector.<\/p>\n<p>Business Economics se preocupa por la satisfacci\u00f3n del cliente y lo transmite en cada gesti\u00f3n o nueva necesidad que hemos requerido.\u201d<\/p>\n<p class=\"intro\" style=\"text-align: left;\"><span class=\"accent\">\u00a0<\/span><\/p>\n<div class=\"span6\"><\/div>\n<p>\n<\/div><\/div><\/div><\/div><\/div><\/section>","protected":false},"excerpt":{"rendered":"","protected":false},"author":1,"featured_media":0,"parent":0,"menu_order":41,"comment_status":"closed","ping_status":"closed","template":"tpl-king_composer.php","meta":[],"yoast_head":"<!-- This site is optimized with the Yoast SEO plugin v20.5 - https:\/\/yoast.com\/wordpress\/plugins\/seo\/ -->\n<title>Businecon - Quienes<\/title>\n<meta name=\"description\" content=\"Brindamos consultor\u00eda en planeamiento y elaboraci\u00f3n de estudios t\u00e9cnicos de precios de transferencia.\" \/>\n<meta name=\"robots\" content=\"index, follow, max-snippet:-1, max-image-preview:large, max-video-preview:-1\" \/>\n<link rel=\"canonical\" href=\"https:\/\/businecon.com\/en\/quienes\/\" \/>\n<meta property=\"og:locale\" content=\"en_US\" \/>\n<meta property=\"og:type\" content=\"article\" \/>\n<meta property=\"og:title\" content=\"Businecon - Quienes\" \/>\n<meta property=\"og:description\" content=\"Brindamos consultor\u00eda en planeamiento y elaboraci\u00f3n de estudios t\u00e9cnicos de precios de transferencia.\" \/>\n<meta property=\"og:url\" content=\"https:\/\/businecon.com\/en\/quienes\/\" \/>\n<meta property=\"og:site_name\" content=\"Business Economics\" \/>\n<meta property=\"article:publisher\" content=\"https:\/\/www.facebook.com\/Businecon-175734209019\/\" \/>\n<meta property=\"article:modified_time\" content=\"2020-08-25T23:47:26+00:00\" \/>\n<meta property=\"og:image\" content=\"https:\/\/businecon.com\/wp-content\/uploads\/2019\/06\/edificio-1.jpg\" \/>\n<meta name=\"twitter:card\" content=\"summary_large_image\" \/>\n<meta name=\"twitter:site\" content=\"@businecon\" \/>\n<meta name=\"twitter:label1\" content=\"Est. reading time\" \/>\n\t<meta name=\"twitter:data1\" content=\"4 minutes\" \/>\n<script type=\"application\/ld+json\" class=\"yoast-schema-graph\">{\"@context\":\"https:\/\/schema.org\",\"@graph\":[{\"@type\":\"WebPage\",\"@id\":\"https:\/\/businecon.com\/quienes\/\",\"url\":\"https:\/\/businecon.com\/quienes\/\",\"name\":\"Businecon - Quienes\",\"isPartOf\":{\"@id\":\"https:\/\/businecon.com\/#website\"},\"datePublished\":\"2018-09-01T17:01:13+00:00\",\"dateModified\":\"2020-08-25T23:47:26+00:00\",\"description\":\"Brindamos consultor\u00eda en planeamiento y elaboraci\u00f3n de estudios t\u00e9cnicos de precios de transferencia.\",\"breadcrumb\":{\"@id\":\"https:\/\/businecon.com\/quienes\/#breadcrumb\"},\"inLanguage\":\"en-US\",\"potentialAction\":[{\"@type\":\"ReadAction\",\"target\":[\"https:\/\/businecon.com\/quienes\/\"]}]},{\"@type\":\"BreadcrumbList\",\"@id\":\"https:\/\/businecon.com\/quienes\/#breadcrumb\",\"itemListElement\":[{\"@type\":\"ListItem\",\"position\":1,\"name\":\"Portada\",\"item\":\"https:\/\/businecon.com\/\"},{\"@type\":\"ListItem\",\"position\":2,\"name\":\"Quienes Somos\"}]},{\"@type\":\"WebSite\",\"@id\":\"https:\/\/businecon.com\/#website\",\"url\":\"https:\/\/businecon.com\/\",\"name\":\"Business Economics\",\"description\":\"Business Economics es una empresa de consultor\u00eda en el planeamiento y elaboraci\u00f3n de estudios t\u00e9cnicos de transferencia que maximicen el valor de las empresas en el largo plazo.\",\"publisher\":{\"@id\":\"https:\/\/businecon.com\/#organization\"},\"potentialAction\":[{\"@type\":\"SearchAction\",\"target\":{\"@type\":\"EntryPoint\",\"urlTemplate\":\"https:\/\/businecon.com\/?s={search_term_string}\"},\"query-input\":\"required name=search_term_string\"}],\"inLanguage\":\"en-US\"},{\"@type\":\"Organization\",\"@id\":\"https:\/\/businecon.com\/#organization\",\"name\":\"Business Economics\",\"url\":\"https:\/\/businecon.com\/\",\"logo\":{\"@type\":\"ImageObject\",\"inLanguage\":\"en-US\",\"@id\":\"https:\/\/businecon.com\/#\/schema\/logo\/image\/\",\"url\":\"https:\/\/businecon.com\/wp-content\/uploads\/2018\/09\/FAVICON-3.png\",\"contentUrl\":\"https:\/\/businecon.com\/wp-content\/uploads\/2018\/09\/FAVICON-3.png\",\"width\":80,\"height\":80,\"caption\":\"Business Economics\"},\"image\":{\"@id\":\"https:\/\/businecon.com\/#\/schema\/logo\/image\/\"},\"sameAs\":[\"https:\/\/www.facebook.com\/Businecon-175734209019\/\",\"https:\/\/twitter.com\/businecon\",\"https:\/\/www.instagram.com\/businecon\/\"]}]}<\/script>\n<!-- \/ Yoast SEO plugin. -->","yoast_head_json":{"title":"Businecon - Quienes","description":"Brindamos consultor\u00eda en planeamiento y elaboraci\u00f3n de estudios t\u00e9cnicos de precios de transferencia.","robots":{"index":"index","follow":"follow","max-snippet":"max-snippet:-1","max-image-preview":"max-image-preview:large","max-video-preview":"max-video-preview:-1"},"canonical":"https:\/\/businecon.com\/en\/quienes\/","og_locale":"en_US","og_type":"article","og_title":"Businecon - Quienes","og_description":"Brindamos consultor\u00eda en planeamiento y elaboraci\u00f3n de estudios t\u00e9cnicos de precios de transferencia.","og_url":"https:\/\/businecon.com\/en\/quienes\/","og_site_name":"Business Economics","article_publisher":"https:\/\/www.facebook.com\/Businecon-175734209019\/","article_modified_time":"2020-08-25T23:47:26+00:00","og_image":[{"url":"https:\/\/businecon.com\/wp-content\/uploads\/2019\/06\/edificio-1.jpg"}],"twitter_card":"summary_large_image","twitter_site":"@businecon","twitter_misc":{"Est. reading time":"4 minutes"},"schema":{"@context":"https:\/\/schema.org","@graph":[{"@type":"WebPage","@id":"https:\/\/businecon.com\/quienes\/","url":"https:\/\/businecon.com\/quienes\/","name":"Businecon - Quienes","isPartOf":{"@id":"https:\/\/businecon.com\/#website"},"datePublished":"2018-09-01T17:01:13+00:00","dateModified":"2020-08-25T23:47:26+00:00","description":"Brindamos consultor\u00eda en planeamiento y elaboraci\u00f3n de estudios t\u00e9cnicos de precios de transferencia.","breadcrumb":{"@id":"https:\/\/businecon.com\/quienes\/#breadcrumb"},"inLanguage":"en-US","potentialAction":[{"@type":"ReadAction","target":["https:\/\/businecon.com\/quienes\/"]}]},{"@type":"BreadcrumbList","@id":"https:\/\/businecon.com\/quienes\/#breadcrumb","itemListElement":[{"@type":"ListItem","position":1,"name":"Portada","item":"https:\/\/businecon.com\/"},{"@type":"ListItem","position":2,"name":"Quienes Somos"}]},{"@type":"WebSite","@id":"https:\/\/businecon.com\/#website","url":"https:\/\/businecon.com\/","name":"Business Economics","description":"Business Economics es una empresa de consultor\u00eda en el planeamiento y elaboraci\u00f3n de estudios t\u00e9cnicos de transferencia que maximicen el valor de las empresas en el largo plazo.","publisher":{"@id":"https:\/\/businecon.com\/#organization"},"potentialAction":[{"@type":"SearchAction","target":{"@type":"EntryPoint","urlTemplate":"https:\/\/businecon.com\/?s={search_term_string}"},"query-input":"required name=search_term_string"}],"inLanguage":"en-US"},{"@type":"Organization","@id":"https:\/\/businecon.com\/#organization","name":"Business Economics","url":"https:\/\/businecon.com\/","logo":{"@type":"ImageObject","inLanguage":"en-US","@id":"https:\/\/businecon.com\/#\/schema\/logo\/image\/","url":"https:\/\/businecon.com\/wp-content\/uploads\/2018\/09\/FAVICON-3.png","contentUrl":"https:\/\/businecon.com\/wp-content\/uploads\/2018\/09\/FAVICON-3.png","width":80,"height":80,"caption":"Business Economics"},"image":{"@id":"https:\/\/businecon.com\/#\/schema\/logo\/image\/"},"sameAs":["https:\/\/www.facebook.com\/Businecon-175734209019\/","https:\/\/twitter.com\/businecon","https:\/\/www.instagram.com\/businecon\/"]}]}},"_links":{"self":[{"href":"https:\/\/businecon.com\/en\/wp-json\/wp\/v2\/pages\/473"}],"collection":[{"href":"https:\/\/businecon.com\/en\/wp-json\/wp\/v2\/pages"}],"about":[{"href":"https:\/\/businecon.com\/en\/wp-json\/wp\/v2\/types\/page"}],"author":[{"embeddable":true,"href":"https:\/\/businecon.com\/en\/wp-json\/wp\/v2\/users\/1"}],"replies":[{"embeddable":true,"href":"https:\/\/businecon.com\/en\/wp-json\/wp\/v2\/comments?post=473"}],"version-history":[{"count":0,"href":"https:\/\/businecon.com\/en\/wp-json\/wp\/v2\/pages\/473\/revisions"}],"wp:attachment":[{"href":"https:\/\/businecon.com\/en\/wp-json\/wp\/v2\/media?parent=473"}],"curies":[{"name":"wp","href":"https:\/\/api.w.org\/{rel}","templated":true}]}}