{"id":471,"date":"2018-09-01T17:33:51","date_gmt":"2018-09-01T17:33:51","guid":{"rendered":"http:\/\/businecon.com\/?page_id=471"},"modified":"2023-04-14T10:18:48","modified_gmt":"2023-04-14T15:18:48","slug":"nuestro-equipo","status":"publish","type":"page","link":"https:\/\/businecon.com\/en\/nuestro-equipo\/","title":{"rendered":"Our Team"},"content":{"rendered":"<section class=\"kc-elm kc-css-160009 kc_row\"><div class=\"kc-row-container  kc-container\"><div class=\"kc-wrap-columns\"><div class=\"kc-elm kc-css-107413 kc_col-sm-12 kc_column kc_col-sm-12\"><div class=\"kc-col-container\"><div class=\"kc-elm kc-css-454115\" style=\"height: 40px; clear: both; width:100%;\"><\/div><div class=\"kc-elm kc-css-758403 kc_text_block\"><\/p>\n<p><img decoding=\"async\" loading=\"lazy\" class=\"alignleft\" src=\"https:\/\/businecon.com\/wp-content\/uploads\/2019\/09\/Edwar-Salazar-final-a.jpg\" alt=\"\" width=\"286\" height=\"540\" \/><\/p>\n<h1 style=\"text-align: left;\"><strong>EDWAR \u00a0SALAZAR\u00a0<\/strong><\/h1>\n<h6 style=\"text-align: left;\">PARTNER \/ PERU<\/h6>\n<p style=\"text-align: left;\">\u2022 \u00a0 \u00a0\u00a0<strong>PRACTICE AREAS \/ <\/strong>Transfer pricing \/ Corporate Finance \/ Business Consulting<\/p>\n<p style=\"text-align: left;\">\u2022 \u00a0 \u00a0\u00a0<strong>LANGUAGES\u00a0<\/strong>English, Spanish<\/p>\n<p style=\"text-align: left;\">\u2022 \u00a0 \u00a0\u00a0<strong>EDUCATION \/ <\/strong><\/p>\n<p style=\"text-align: left;\">\u00a0 \u00a0\u00a0 \u00a0 \u00a0\u00a0<span style=\"color: #848484; font-family: Wingdings; font-size: 16px; font-style: inherit;\">v<\/span><span style=\"font-style: inherit;\">\u00a0MBA, Maastricht School of Management, The Netherlands<\/span><\/p>\n<p style=\"text-align: left;\">\u00a0 \u00a0\u00a0 \u00a0 \u00a0\u00a0<span style=\"color: #848484; font-family: Wingdings; font-size: 16px; font-style: inherit;\">v<\/span><span style=\"font-style: inherit;\">\u00a0Economist Engineer, Universidad Nacional de Ingenier\u00eda -UNI, Lima, Peru<\/span><\/p>\n<p style=\"text-align: left;\">\u00a0 \u00a0\u00a0 \u00a0 \u00a0\u00a0<span style=\"color: #848484; font-family: Wingdings; font-size: 16px; font-style: inherit;\">v<\/span><span style=\"font-style: inherit;\">\u00a0Diploma in Finance, Universidad Nacional Mayor de San Marcos, Lima, Peru<\/span><\/p>\n<p style=\"text-align: left;\">\u00a0 \u00a0\u00a0 \u00a0 \u00a0\u00a0<span style=\"color: #848484; font-family: Wingdings; font-size: 16px; font-style: inherit;\">v<\/span><span style=\"font-style: inherit;\">\u00a0Business Valuation and Investment Analysis, Center for Stock Market Studies, Lima Stock Exchange, Peru<\/span><\/p>\n<p style=\"text-align: left;\">\u00a0 \u00a0\u00a0 \u00a0 \u00a0\u00a0<span style=\"color: #848484; font-family: Wingdings; font-size: 16px; font-style: inherit;\">v<\/span><span style=\"font-style: inherit;\">\u00a0Specialization in Tax Law, Pontificia Universidad Cat\u00f3lica del Peru, Lima, Peru<\/span><\/p>\n<p style=\"text-align: left;\">\u00a0 \u00a0\u00a0 \u00a0 \u00a0\u00a0<span style=\"color: #848484; font-family: Wingdings; font-size: 16px; font-style: inherit;\">v<\/span><span style=\"font-style: inherit;\">\u00a0Diploma in Public Investment Projects, Universidad Nacional de Ingenier\u00eda -UNI, Lima, Peru<\/span><\/p>\n<p style=\"text-align: left;\">\u2022 \u00a0 \u00a0 +511 986.616.523<\/p>\n<p style=\"padding-left: 30px; text-align: left;\"><a href=\"mailto:esalazar@businecon.com\">esalazar@businecon.com<\/a><\/p>\n<p style=\"padding-left: 30px; text-align: left;\">Socio de Business Economics experto en servicios de consultor\u00eda econ\u00f3mica y financiera a favor de diversos clientes, en la elaboraci\u00f3n de estudios de precios de transferencia a nivel nacional e internacional, valorizaci\u00f3n de empresas y activos intangibles (marcas comerciales, derechos de superficie), evaluaci\u00f3n de proyectos de inversi\u00f3n, entre otros. Ha realizado consultor\u00eda a importantes clientes de diversos sectores, principalmente al sector agroindustrial, manufactura, servicios y comercio. Participaci\u00f3n en TP Minds Conference 2019, Miami, US.<\/p>\n<p>\n<\/div><div class=\"kc-elm kc-css-733058\" style=\"height: 0px; clear: both; width:100%;\"><\/div><\/div><\/div><\/div><\/div><\/section>","protected":false},"excerpt":{"rendered":"","protected":false},"author":1,"featured_media":0,"parent":0,"menu_order":0,"comment_status":"closed","ping_status":"closed","template":"","meta":[],"yoast_head":"<!-- This site is optimized with the Yoast SEO plugin v20.5 - https:\/\/yoast.com\/wordpress\/plugins\/seo\/ -->\n<title>Businecon - Nuestro Equipo<\/title>\n<meta name=\"description\" content=\"Conoce al equipo de Business Economics. Profesionales con amplia experiencia y calidad humana. Trabajamos para brindarle el asesoramiento que su empresa necesita.\" \/>\n<meta name=\"robots\" content=\"index, follow, max-snippet:-1, max-image-preview:large, max-video-preview:-1\" \/>\n<link rel=\"canonical\" href=\"https:\/\/businecon.com\/en\/nuestro-equipo\/\" \/>\n<meta property=\"og:locale\" content=\"en_US\" \/>\n<meta property=\"og:type\" content=\"article\" \/>\n<meta property=\"og:title\" content=\"Businecon - Nuestro Equipo\" \/>\n<meta property=\"og:description\" content=\"Conoce al equipo de Business Economics. Profesionales con amplia experiencia y calidad humana. Trabajamos para brindarle el asesoramiento que su empresa necesita.\" \/>\n<meta property=\"og:url\" content=\"https:\/\/businecon.com\/en\/nuestro-equipo\/\" \/>\n<meta property=\"og:site_name\" content=\"Business Economics\" \/>\n<meta property=\"article:publisher\" content=\"https:\/\/www.facebook.com\/Businecon-175734209019\/\" \/>\n<meta property=\"article:modified_time\" content=\"2023-04-14T15:18:48+00:00\" \/>\n<meta property=\"og:image\" content=\"https:\/\/businecon.com\/wp-content\/uploads\/2019\/09\/Edwar-Salazar-final-a.jpg\" \/>\n<meta name=\"twitter:card\" content=\"summary_large_image\" \/>\n<meta name=\"twitter:site\" content=\"@businecon\" \/>\n<meta name=\"twitter:label1\" content=\"Est. reading time\" \/>\n\t<meta name=\"twitter:data1\" content=\"1 minute\" \/>\n<script type=\"application\/ld+json\" class=\"yoast-schema-graph\">{\"@context\":\"https:\/\/schema.org\",\"@graph\":[{\"@type\":\"WebPage\",\"@id\":\"https:\/\/businecon.com\/nuestro-equipo\/\",\"url\":\"https:\/\/businecon.com\/nuestro-equipo\/\",\"name\":\"Businecon - Nuestro Equipo\",\"isPartOf\":{\"@id\":\"https:\/\/businecon.com\/#website\"},\"datePublished\":\"2018-09-01T17:33:51+00:00\",\"dateModified\":\"2023-04-14T15:18:48+00:00\",\"description\":\"Conoce al equipo de Business Economics. Profesionales con amplia experiencia y calidad humana. Trabajamos para brindarle el asesoramiento que su empresa necesita.\",\"breadcrumb\":{\"@id\":\"https:\/\/businecon.com\/nuestro-equipo\/#breadcrumb\"},\"inLanguage\":\"en-US\",\"potentialAction\":[{\"@type\":\"ReadAction\",\"target\":[\"https:\/\/businecon.com\/nuestro-equipo\/\"]}]},{\"@type\":\"BreadcrumbList\",\"@id\":\"https:\/\/businecon.com\/nuestro-equipo\/#breadcrumb\",\"itemListElement\":[{\"@type\":\"ListItem\",\"position\":1,\"name\":\"Portada\",\"item\":\"https:\/\/businecon.com\/\"},{\"@type\":\"ListItem\",\"position\":2,\"name\":\"Nuestro Equipo\"}]},{\"@type\":\"WebSite\",\"@id\":\"https:\/\/businecon.com\/#website\",\"url\":\"https:\/\/businecon.com\/\",\"name\":\"Business Economics\",\"description\":\"Business Economics es una empresa de consultor\u00eda en el planeamiento y elaboraci\u00f3n de estudios t\u00e9cnicos de transferencia que maximicen el valor de las empresas en el largo plazo.\",\"publisher\":{\"@id\":\"https:\/\/businecon.com\/#organization\"},\"potentialAction\":[{\"@type\":\"SearchAction\",\"target\":{\"@type\":\"EntryPoint\",\"urlTemplate\":\"https:\/\/businecon.com\/?s={search_term_string}\"},\"query-input\":\"required name=search_term_string\"}],\"inLanguage\":\"en-US\"},{\"@type\":\"Organization\",\"@id\":\"https:\/\/businecon.com\/#organization\",\"name\":\"Business Economics\",\"url\":\"https:\/\/businecon.com\/\",\"logo\":{\"@type\":\"ImageObject\",\"inLanguage\":\"en-US\",\"@id\":\"https:\/\/businecon.com\/#\/schema\/logo\/image\/\",\"url\":\"https:\/\/businecon.com\/wp-content\/uploads\/2018\/09\/FAVICON-3.png\",\"contentUrl\":\"https:\/\/businecon.com\/wp-content\/uploads\/2018\/09\/FAVICON-3.png\",\"width\":80,\"height\":80,\"caption\":\"Business Economics\"},\"image\":{\"@id\":\"https:\/\/businecon.com\/#\/schema\/logo\/image\/\"},\"sameAs\":[\"https:\/\/www.facebook.com\/Businecon-175734209019\/\",\"https:\/\/twitter.com\/businecon\",\"https:\/\/www.instagram.com\/businecon\/\"]}]}<\/script>\n<!-- \/ Yoast SEO plugin. -->","yoast_head_json":{"title":"Businecon - Nuestro Equipo","description":"Conoce al equipo de Business Economics. Profesionales con amplia experiencia y calidad humana. Trabajamos para brindarle el asesoramiento que su empresa necesita.","robots":{"index":"index","follow":"follow","max-snippet":"max-snippet:-1","max-image-preview":"max-image-preview:large","max-video-preview":"max-video-preview:-1"},"canonical":"https:\/\/businecon.com\/en\/nuestro-equipo\/","og_locale":"en_US","og_type":"article","og_title":"Businecon - Nuestro Equipo","og_description":"Conoce al equipo de Business Economics. Profesionales con amplia experiencia y calidad humana. Trabajamos para brindarle el asesoramiento que su empresa necesita.","og_url":"https:\/\/businecon.com\/en\/nuestro-equipo\/","og_site_name":"Business Economics","article_publisher":"https:\/\/www.facebook.com\/Businecon-175734209019\/","article_modified_time":"2023-04-14T15:18:48+00:00","og_image":[{"url":"https:\/\/businecon.com\/wp-content\/uploads\/2019\/09\/Edwar-Salazar-final-a.jpg"}],"twitter_card":"summary_large_image","twitter_site":"@businecon","twitter_misc":{"Est. reading time":"1 minute"},"schema":{"@context":"https:\/\/schema.org","@graph":[{"@type":"WebPage","@id":"https:\/\/businecon.com\/nuestro-equipo\/","url":"https:\/\/businecon.com\/nuestro-equipo\/","name":"Businecon - Nuestro Equipo","isPartOf":{"@id":"https:\/\/businecon.com\/#website"},"datePublished":"2018-09-01T17:33:51+00:00","dateModified":"2023-04-14T15:18:48+00:00","description":"Conoce al equipo de Business Economics. Profesionales con amplia experiencia y calidad humana. Trabajamos para brindarle el asesoramiento que su empresa necesita.","breadcrumb":{"@id":"https:\/\/businecon.com\/nuestro-equipo\/#breadcrumb"},"inLanguage":"en-US","potentialAction":[{"@type":"ReadAction","target":["https:\/\/businecon.com\/nuestro-equipo\/"]}]},{"@type":"BreadcrumbList","@id":"https:\/\/businecon.com\/nuestro-equipo\/#breadcrumb","itemListElement":[{"@type":"ListItem","position":1,"name":"Portada","item":"https:\/\/businecon.com\/"},{"@type":"ListItem","position":2,"name":"Nuestro Equipo"}]},{"@type":"WebSite","@id":"https:\/\/businecon.com\/#website","url":"https:\/\/businecon.com\/","name":"Business Economics","description":"Business Economics es una empresa de consultor\u00eda en el planeamiento y elaboraci\u00f3n de estudios t\u00e9cnicos de transferencia que maximicen el valor de las empresas en el largo plazo.","publisher":{"@id":"https:\/\/businecon.com\/#organization"},"potentialAction":[{"@type":"SearchAction","target":{"@type":"EntryPoint","urlTemplate":"https:\/\/businecon.com\/?s={search_term_string}"},"query-input":"required name=search_term_string"}],"inLanguage":"en-US"},{"@type":"Organization","@id":"https:\/\/businecon.com\/#organization","name":"Business Economics","url":"https:\/\/businecon.com\/","logo":{"@type":"ImageObject","inLanguage":"en-US","@id":"https:\/\/businecon.com\/#\/schema\/logo\/image\/","url":"https:\/\/businecon.com\/wp-content\/uploads\/2018\/09\/FAVICON-3.png","contentUrl":"https:\/\/businecon.com\/wp-content\/uploads\/2018\/09\/FAVICON-3.png","width":80,"height":80,"caption":"Business Economics"},"image":{"@id":"https:\/\/businecon.com\/#\/schema\/logo\/image\/"},"sameAs":["https:\/\/www.facebook.com\/Businecon-175734209019\/","https:\/\/twitter.com\/businecon","https:\/\/www.instagram.com\/businecon\/"]}]}},"_links":{"self":[{"href":"https:\/\/businecon.com\/en\/wp-json\/wp\/v2\/pages\/471"}],"collection":[{"href":"https:\/\/businecon.com\/en\/wp-json\/wp\/v2\/pages"}],"about":[{"href":"https:\/\/businecon.com\/en\/wp-json\/wp\/v2\/types\/page"}],"author":[{"embeddable":true,"href":"https:\/\/businecon.com\/en\/wp-json\/wp\/v2\/users\/1"}],"replies":[{"embeddable":true,"href":"https:\/\/businecon.com\/en\/wp-json\/wp\/v2\/comments?post=471"}],"version-history":[{"count":0,"href":"https:\/\/businecon.com\/en\/wp-json\/wp\/v2\/pages\/471\/revisions"}],"wp:attachment":[{"href":"https:\/\/businecon.com\/en\/wp-json\/wp\/v2\/media?parent=471"}],"curies":[{"name":"wp","href":"https:\/\/api.w.org\/{rel}","templated":true}]}}