{"id":299,"date":"2017-07-01T12:06:57","date_gmt":"2017-07-01T12:06:57","guid":{"rendered":"http:\/\/tonatheme.com\/newwp\/consultive\/?page_id=299"},"modified":"2023-04-11T10:22:05","modified_gmt":"2023-04-11T15:22:05","slug":"contactanos","status":"publish","type":"page","link":"https:\/\/businecon.com\/en\/contactanos\/","title":{"rendered":"Contact Us"},"content":{"rendered":"<p><section class=\"kc-elm kc-css-633148 kc_row\"><div class=\"kc-row-container  kc-container\"><div class=\"kc-wrap-columns\"><div class=\"kc-elm kc-css-665389 kc_col-sm-12 kc_column kc_col-sm-12\"><div class=\"kc-col-container\"><div class=\"kc-elm kc-css-694886\" style=\"height: 30px; clear: both; width:100%;\"><\/div><div class=\"kc-elm kc-css-217621 kc_text_block\"><\/p>\n<p><img decoding=\"async\" loading=\"lazy\" class=\"alignleft\" src=\"https:\/\/businecon.com\/wp-content\/uploads\/2019\/06\/edificio-1.jpg\" alt=\"\" width=\"459\" height=\"442\" \/><br \/>\n<strong>OFFICE LOCATIONS<\/strong><\/p>\n<p><strong>\u00a0<\/strong><\/p>\n<p><strong>LIMA<\/strong><br \/>\nAv. del Ej\u00e9rcito 1180, Magdalena del Mar 15076<br \/>\nLima - Peru<\/p>\n<p>Monday to Friday: 9:00am - 18:00pm<br \/>\n(511) 986.616.523<br \/>\nesalazar@businecon.com<\/p>\n<p><strong>\u00a0<\/strong><\/p>\n<p><strong>MIAMI<\/strong><br \/>\n2332 Galiano Street, 2nd Floor. Coral Gables<br \/>\nFL 33134 USA<\/p>\n<p>\n<\/div><div class=\"kc-elm kc-css-774994\" style=\"height: 50px; clear: both; width:100%;\"><\/div><\/div><\/div><\/div><\/div><\/section><section class=\"kc-elm kc-css-538387 kc_row\"><div class=\"kc-row-container\"><div class=\"kc-wrap-columns\"><div class=\"kc-elm kc-css-151868 kc_col-sm-12 kc_column kc_col-sm-12\"><div class=\"kc-col-container\"><!--Start contact form area-->\r\n<section class=\"contact-form-area\">\r\n    <div class=\"container\">\r\n        <div class=\"row\">\r\n            \r\n            <div class=\"col-lg-8 col-md-7\">\r\n                <div class=\"contact-form\">\r\n                    <div class=\"sec-title pdb-50\">\r\n                        <h1> Send us your message<\/h1>\r\n                        <span class=\"border\"><\/span>\r\n                    <\/div>\r\n                    \n<div class=\"wpcf7 no-js\" id=\"wpcf7-f6-o1\" lang=\"es-ES\" dir=\"ltr\">\n<div class=\"screen-reader-response\"><p role=\"status\" aria-live=\"polite\" aria-atomic=\"true\"><\/p> <ul><\/ul><\/div>\n<form action=\"\/en\/wp-json\/wp\/v2\/pages\/299#wpcf7-f6-o1\" method=\"post\" class=\"wpcf7-form init\" aria-label=\"Formulario de contacto\" novalidate=\"novalidate\" data-status=\"init\" data-trp-original-action=\"\/en\/wp-json\/wp\/v2\/pages\/299#wpcf7-f6-o1\">\n<div style=\"display: none;\">\n<input type=\"hidden\" name=\"_wpcf7\" value=\"6\" \/>\n<input type=\"hidden\" name=\"_wpcf7_version\" value=\"5.7.5.1\" \/>\n<input type=\"hidden\" name=\"_wpcf7_locale\" value=\"es_ES\" \/>\n<input type=\"hidden\" name=\"_wpcf7_unit_tag\" value=\"wpcf7-f6-o1\" \/>\n<input type=\"hidden\" name=\"_wpcf7_container_post\" value=\"0\" \/>\n<input type=\"hidden\" name=\"_wpcf7_posted_data_hash\" value=\"\" \/>\n<\/div>\n<p><label> Name and Last Name<br \/>\n<span class=\"wpcf7-form-control-wrap\" data-name=\"your-name\"><input size=\"40\" class=\"wpcf7-form-control wpcf7-text wpcf7-validates-as-required\" aria-required=\"true\" aria-invalid=\"false\" value=\"\" type=\"text\" name=\"your-name\" \/><\/span> <\/label><br \/>\n<label> Email<br \/>\n<span class=\"wpcf7-form-control-wrap\" data-name=\"your-email\"><input size=\"40\" class=\"wpcf7-form-control wpcf7-text wpcf7-email wpcf7-validates-as-required wpcf7-validates-as-email\" aria-required=\"true\" aria-invalid=\"false\" value=\"\" type=\"email\" name=\"your-email\" \/><\/span> <\/label><br \/>\n<label> Subject<br \/>\n<span class=\"wpcf7-form-control-wrap\" data-name=\"your-subjet\"><input size=\"40\" class=\"wpcf7-form-control wpcf7-text\" aria-invalid=\"false\" value=\"\" type=\"text\" name=\"your-subjet\" \/><\/span> <\/label><br \/>\n<label> Message<br \/>\n<span class=\"wpcf7-form-control-wrap\" data-name=\"your-message\"><textarea cols=\"40\" rows=\"10\" class=\"wpcf7-form-control wpcf7-textarea\" aria-invalid=\"false\" name=\"your-message\"><\/textarea><\/span> <\/label><br \/>\n<input class=\"wpcf7-form-control has-spinner wpcf7-submit\" type=\"submit\" value=\"SEND\" \/>\n<\/p><div class=\"wpcf7-response-output\" aria-hidden=\"true\"><\/div>\n<input type=\"hidden\" name=\"trp-form-language\" value=\"en\"\/><\/form>\n<\/div>\n  \r\n                <\/div>\r\n            <\/div>\r\n            \r\n            <div class=\"col-lg-4 col-md-5\">\r\n                <div class=\"contact-author-info\">\r\n                    <div class=\"sec-title pdb-50\">\r\n                        <h1>Contact Us<\/h1>\r\n                        <span class=\"border\"><\/span>\r\n                    <\/div>\r\n                    <ul>\r\n                    \t                        <li>\r\n                            <div class=\"title\">\r\n                                <h3>Sales Department<\/h3>\r\n                            <\/div>\r\n                            <div class=\"img-holder\">\r\n                                <img src=\"https:\/\/businecon.com\/wp-content\/uploads\/2019\/06\/Edwar-Salazar-final-150x150.jpg\" alt=\"\">\r\n                            <\/div>\r\n                            <div class=\"text-holder\">\r\n                                <h5>Edwar Salazar<\/h5>\r\n                                <p><span class=\"flaticon-telephone\"><\/span>(511) 986.616.523<\/p>\r\n                                <p><span class=\"flaticon-back\"><\/span>esalazar@businecon.com<\/p>\r\n                            <\/div>\r\n                        <\/li>\r\n                                            <\/ul>\r\n                <\/div>\r\n            \r\n            <\/div>\r\n        <\/div>\r\n    <\/div>\r\n<\/section>\r\n<!--End contact form area--><div class=\"kc-elm kc-css-938 kc_google_maps kc_shortcode\"><div style=\"height: 450px\" class=\"kc-google-maps\"><iframe src=\"https:\/\/www.google.com\/maps\/embed?pb=!1m18!1m12!1m3!1d3901.1517718096025!2d-77.06211504956039!3d-12.101760491388676!2m3!1f0!2f0!3f0!3m2!1i1024!2i768!4f13.1!3m3!1m2!1s0x9105c9b3a4e3a871%3A0x57d988adc61d9341!2sAv.+del+Ej%C3%A9rcito+1180%2C+Magdalena+del+Mar+15076!5e0!3m2!1sen!2spe!4v1559623365114!5m2!1sen!2spe\" width=\"100%\" height=\"450\" frameborder=\"0\" style=\"border:0\" allowfullscreen><\/iframe><\/div><\/div><div class=\"kc-elm kc-css-815152\" style=\"height: 20px; clear: both; width:100%;\"><\/div><\/div><\/div><\/div><\/div><\/section><\/p>","protected":false},"excerpt":{"rendered":"","protected":false},"author":1,"featured_media":0,"parent":0,"menu_order":0,"comment_status":"closed","ping_status":"closed","template":"tpl-king_composer.php","meta":[],"yoast_head":"<!-- This site is optimized with the Yoast SEO plugin v20.5 - https:\/\/yoast.com\/wordpress\/plugins\/seo\/ -->\n<title>Businecon - Contactanos<\/title>\n<meta name=\"description\" content=\"Cont\u00e1ctese con uno de nuestros consultores o a nuestra oficina principal. Estaremos gustosos de resolver todas sus dudas en el menos tiempo posible.\" \/>\n<meta name=\"robots\" content=\"index, follow, max-snippet:-1, max-image-preview:large, max-video-preview:-1\" \/>\n<link rel=\"canonical\" href=\"https:\/\/businecon.com\/en\/contactanos\/\" \/>\n<meta property=\"og:locale\" content=\"en_US\" \/>\n<meta property=\"og:type\" content=\"article\" \/>\n<meta property=\"og:title\" content=\"Businecon - Contactanos\" \/>\n<meta property=\"og:description\" content=\"Cont\u00e1ctese con uno de nuestros consultores o a nuestra oficina principal. Estaremos gustosos de resolver todas sus dudas en el menos tiempo posible.\" \/>\n<meta property=\"og:url\" content=\"https:\/\/businecon.com\/en\/contactanos\/\" \/>\n<meta property=\"og:site_name\" content=\"Business Economics\" \/>\n<meta property=\"article:publisher\" content=\"https:\/\/www.facebook.com\/Businecon-175734209019\/\" \/>\n<meta property=\"article:modified_time\" content=\"2023-04-11T15:22:05+00:00\" \/>\n<meta property=\"og:image\" content=\"https:\/\/businecon.com\/wp-content\/uploads\/2019\/06\/edificio-1.jpg\" \/>\n<meta name=\"twitter:card\" content=\"summary_large_image\" \/>\n<meta name=\"twitter:site\" content=\"@businecon\" \/>\n<script type=\"application\/ld+json\" class=\"yoast-schema-graph\">{\"@context\":\"https:\/\/schema.org\",\"@graph\":[{\"@type\":\"WebPage\",\"@id\":\"https:\/\/businecon.com\/contactanos\/\",\"url\":\"https:\/\/businecon.com\/contactanos\/\",\"name\":\"Businecon - Contactanos\",\"isPartOf\":{\"@id\":\"https:\/\/businecon.com\/#website\"},\"datePublished\":\"2017-07-01T12:06:57+00:00\",\"dateModified\":\"2023-04-11T15:22:05+00:00\",\"description\":\"Cont\u00e1ctese con uno de nuestros consultores o a nuestra oficina principal. Estaremos gustosos de resolver todas sus dudas en el menos tiempo posible.\",\"breadcrumb\":{\"@id\":\"https:\/\/businecon.com\/contactanos\/#breadcrumb\"},\"inLanguage\":\"en-US\",\"potentialAction\":[{\"@type\":\"ReadAction\",\"target\":[\"https:\/\/businecon.com\/contactanos\/\"]}]},{\"@type\":\"BreadcrumbList\",\"@id\":\"https:\/\/businecon.com\/contactanos\/#breadcrumb\",\"itemListElement\":[{\"@type\":\"ListItem\",\"position\":1,\"name\":\"Portada\",\"item\":\"https:\/\/businecon.com\/\"},{\"@type\":\"ListItem\",\"position\":2,\"name\":\"Cont\u00e1ctanos\"}]},{\"@type\":\"WebSite\",\"@id\":\"https:\/\/businecon.com\/#website\",\"url\":\"https:\/\/businecon.com\/\",\"name\":\"Business Economics\",\"description\":\"Business Economics es una empresa de consultor\u00eda en el planeamiento y elaboraci\u00f3n de estudios t\u00e9cnicos de transferencia que maximicen el valor de las empresas en el largo plazo.\",\"publisher\":{\"@id\":\"https:\/\/businecon.com\/#organization\"},\"potentialAction\":[{\"@type\":\"SearchAction\",\"target\":{\"@type\":\"EntryPoint\",\"urlTemplate\":\"https:\/\/businecon.com\/?s={search_term_string}\"},\"query-input\":\"required name=search_term_string\"}],\"inLanguage\":\"en-US\"},{\"@type\":\"Organization\",\"@id\":\"https:\/\/businecon.com\/#organization\",\"name\":\"Business Economics\",\"url\":\"https:\/\/businecon.com\/\",\"logo\":{\"@type\":\"ImageObject\",\"inLanguage\":\"en-US\",\"@id\":\"https:\/\/businecon.com\/#\/schema\/logo\/image\/\",\"url\":\"https:\/\/businecon.com\/wp-content\/uploads\/2018\/09\/FAVICON-3.png\",\"contentUrl\":\"https:\/\/businecon.com\/wp-content\/uploads\/2018\/09\/FAVICON-3.png\",\"width\":80,\"height\":80,\"caption\":\"Business Economics\"},\"image\":{\"@id\":\"https:\/\/businecon.com\/#\/schema\/logo\/image\/\"},\"sameAs\":[\"https:\/\/www.facebook.com\/Businecon-175734209019\/\",\"https:\/\/twitter.com\/businecon\",\"https:\/\/www.instagram.com\/businecon\/\"]}]}<\/script>\n<!-- \/ Yoast SEO plugin. -->","yoast_head_json":{"title":"Businecon - Contactanos","description":"Cont\u00e1ctese con uno de nuestros consultores o a nuestra oficina principal. Estaremos gustosos de resolver todas sus dudas en el menos tiempo posible.","robots":{"index":"index","follow":"follow","max-snippet":"max-snippet:-1","max-image-preview":"max-image-preview:large","max-video-preview":"max-video-preview:-1"},"canonical":"https:\/\/businecon.com\/en\/contactanos\/","og_locale":"en_US","og_type":"article","og_title":"Businecon - Contactanos","og_description":"Cont\u00e1ctese con uno de nuestros consultores o a nuestra oficina principal. Estaremos gustosos de resolver todas sus dudas en el menos tiempo posible.","og_url":"https:\/\/businecon.com\/en\/contactanos\/","og_site_name":"Business Economics","article_publisher":"https:\/\/www.facebook.com\/Businecon-175734209019\/","article_modified_time":"2023-04-11T15:22:05+00:00","og_image":[{"url":"https:\/\/businecon.com\/wp-content\/uploads\/2019\/06\/edificio-1.jpg"}],"twitter_card":"summary_large_image","twitter_site":"@businecon","schema":{"@context":"https:\/\/schema.org","@graph":[{"@type":"WebPage","@id":"https:\/\/businecon.com\/contactanos\/","url":"https:\/\/businecon.com\/contactanos\/","name":"Businecon - Contactanos","isPartOf":{"@id":"https:\/\/businecon.com\/#website"},"datePublished":"2017-07-01T12:06:57+00:00","dateModified":"2023-04-11T15:22:05+00:00","description":"Cont\u00e1ctese con uno de nuestros consultores o a nuestra oficina principal. Estaremos gustosos de resolver todas sus dudas en el menos tiempo posible.","breadcrumb":{"@id":"https:\/\/businecon.com\/contactanos\/#breadcrumb"},"inLanguage":"en-US","potentialAction":[{"@type":"ReadAction","target":["https:\/\/businecon.com\/contactanos\/"]}]},{"@type":"BreadcrumbList","@id":"https:\/\/businecon.com\/contactanos\/#breadcrumb","itemListElement":[{"@type":"ListItem","position":1,"name":"Portada","item":"https:\/\/businecon.com\/"},{"@type":"ListItem","position":2,"name":"Cont\u00e1ctanos"}]},{"@type":"WebSite","@id":"https:\/\/businecon.com\/#website","url":"https:\/\/businecon.com\/","name":"Business Economics","description":"Business Economics es una empresa de consultor\u00eda en el planeamiento y elaboraci\u00f3n de estudios t\u00e9cnicos de transferencia que maximicen el valor de las empresas en el largo plazo.","publisher":{"@id":"https:\/\/businecon.com\/#organization"},"potentialAction":[{"@type":"SearchAction","target":{"@type":"EntryPoint","urlTemplate":"https:\/\/businecon.com\/?s={search_term_string}"},"query-input":"required name=search_term_string"}],"inLanguage":"en-US"},{"@type":"Organization","@id":"https:\/\/businecon.com\/#organization","name":"Business Economics","url":"https:\/\/businecon.com\/","logo":{"@type":"ImageObject","inLanguage":"en-US","@id":"https:\/\/businecon.com\/#\/schema\/logo\/image\/","url":"https:\/\/businecon.com\/wp-content\/uploads\/2018\/09\/FAVICON-3.png","contentUrl":"https:\/\/businecon.com\/wp-content\/uploads\/2018\/09\/FAVICON-3.png","width":80,"height":80,"caption":"Business Economics"},"image":{"@id":"https:\/\/businecon.com\/#\/schema\/logo\/image\/"},"sameAs":["https:\/\/www.facebook.com\/Businecon-175734209019\/","https:\/\/twitter.com\/businecon","https:\/\/www.instagram.com\/businecon\/"]}]}},"_links":{"self":[{"href":"https:\/\/businecon.com\/en\/wp-json\/wp\/v2\/pages\/299"}],"collection":[{"href":"https:\/\/businecon.com\/en\/wp-json\/wp\/v2\/pages"}],"about":[{"href":"https:\/\/businecon.com\/en\/wp-json\/wp\/v2\/types\/page"}],"author":[{"embeddable":true,"href":"https:\/\/businecon.com\/en\/wp-json\/wp\/v2\/users\/1"}],"replies":[{"embeddable":true,"href":"https:\/\/businecon.com\/en\/wp-json\/wp\/v2\/comments?post=299"}],"version-history":[{"count":0,"href":"https:\/\/businecon.com\/en\/wp-json\/wp\/v2\/pages\/299\/revisions"}],"wp:attachment":[{"href":"https:\/\/businecon.com\/en\/wp-json\/wp\/v2\/media?parent=299"}],"curies":[{"name":"wp","href":"https:\/\/api.w.org\/{rel}","templated":true}]}}