{"id":283,"date":"2017-07-01T12:00:18","date_gmt":"2017-07-01T17:00:18","guid":{"rendered":"http:\/\/tonatheme.com\/newwp\/consultive\/?page_id=283"},"modified":"2023-04-14T10:13:59","modified_gmt":"2023-04-14T15:13:59","slug":"experiencia","status":"publish","type":"page","link":"https:\/\/businecon.com\/en\/experiencia\/","title":{"rendered":"Experiencia"},"content":{"rendered":"<p><section class=\"kc-elm kc-css-47065 kc_row\"><div class=\"kc-row-container  kc-container\"><div class=\"kc-wrap-columns\"><div class=\"kc-elm kc-css-297243 kc_column kc_col-sm-12\"><div class=\"kc-col-container\"><div class=\"kc-elm kc-css-589320\" style=\"height: 36px; clear: both; width:100%;\"><\/div><div class=\"kc-elm kc-css-769310 kc_text_block\"><\/p>\n<p><strong>Business Economics<\/strong> ha elaborado informes de precios de transferencia y\/o de valorizaci\u00f3n para las siguientes empresas:<\/p>\n<p>\n<\/div><div class=\"kc-elm kc-css-861570\" style=\"height: 36px; clear: both; width:100%;\"><\/div><\/div><\/div><\/div><\/div><\/section><section class=\"kc-elm kc-css-218468 kc_row\"><div class=\"kc-row-container  kc-container\"><div class=\"kc-wrap-columns\"><div class=\"kc-elm kc-css-465756 kc_col-sm-6 kc_column kc_col-sm-6\"><div class=\"kc-col-container\"><div class=\"kc-elm kc-css-378179 kc_text_block\"><\/p>\n<h2><img decoding=\"async\" loading=\"lazy\" class=\"alignnone size-large\" src=\"https:\/\/businecon.com\/wp-content\/uploads\/2019\/07\/ind-comercio-final-1.jpg\" alt=\"\" width=\"1200\" height=\"500\" \/><strong>TRADE<\/strong><\/h2>\n<ul>\n<li><img decoding=\"async\" loading=\"lazy\" class=\"alignnone size-large\" src=\"https:\/\/businecon.com\/wp-content\/uploads\/2019\/05\/cuadrito.jpg\" alt=\"\" width=\"0.1\" height=\"0.1\" \/><\/li>\n<li>\u2022 Abastecedora del Comercio Limitada Sucursal del Per\u00fa<\/li>\n<li>\u2022 CIF Per\u00fa S.A.C.<\/li>\n<li>\u2022 Conte Group S.A.C.<\/li>\n<li>\u2022 Evolution Games S.A.C.<\/li>\n<li>\u2022 Faga Motors S.A.<\/li>\n<li>\u2022 G.O. Traders S.A.<\/li>\n<li>\u2022 Jas Import &amp; Export S.R.L.<\/li>\n<li>\u2022 Levapan del Per\u00fa S.A.<\/li>\n<li>\u2022 Maquinarias Jaam S.A.<\/li>\n<li>\u2022 Multifilamentos Per\u00fa S.A.C.<\/li>\n<li>\u2022 Naadan Jain Per\u00fa S.A.C.<\/li>\n<li>\u2022 Quimex S.A.<\/li>\n<li>\u2022 Rittal S.A.C.<\/li>\n<li>\u2022 Total Per\u00fa S.A.<\/li>\n<li>\u2022 Trazzo Iluminaci\u00f3n S.A.<\/li>\n<li>\u2022 Uyustools Per\u00fa Limitada S.R.L.<\/li>\n<li>\u2022 Veterquimica Per\u00fa S.A.C.<\/li>\n<li><\/li>\n<li><\/li>\n<\/ul>\n<h2><\/h2>\n<p>\n<\/div><div class=\"kc-elm kc-css-506560\" style=\"height: 50px; clear: both; width:100%;\"><\/div><div class=\"kc-elm kc-css-604691 kc_text_block\"><\/p>\n<h2><img decoding=\"async\" loading=\"lazy\" class=\"alignnone size-large\" src=\"https:\/\/businecon.com\/wp-content\/uploads\/2019\/07\/ind-logistica-final-1.jpg\" alt=\"\" width=\"1200\" height=\"500\" \/><br \/>\n<strong>LOGISTIC MANAGEMENT<\/strong><\/h2>\n<ul>\n<li><img decoding=\"async\" loading=\"lazy\" class=\"alignnone size-large\" src=\"https:\/\/businecon.com\/wp-content\/uploads\/2019\/05\/cuadrito.jpg\" alt=\"\" width=\"0.1\" height=\"0.1\" \/><\/li>\n<li>\u2022 Palacios &amp; Asociados Agente de Aduanas<\/li>\n<li>\u2022 Servicios A\u00e9reos de los Andes S.A.<\/li>\n<li>\u2022 Transportes San Gabriel S.A.C.<\/li>\n<li>\u2022 Airmax S.A.<\/li>\n<li>\u2022 Loret de Mola S.A.<\/li>\n<li>\u2022 Shohin S.A.<\/li>\n<li>\u2022 Servicios Generales Saturno S.A.C.<\/li>\n<\/ul>\n<h2><\/h2>\n<p>\n<\/div><div class=\"kc-elm kc-css-364762\" style=\"height: 50px; clear: both; width:100%;\"><\/div><div class=\"kc-elm kc-css-383481 kc_text_block\"><\/p>\n<h2><img decoding=\"async\" loading=\"lazy\" class=\"alignnone size-large\" src=\"https:\/\/businecon.com\/wp-content\/uploads\/2019\/07\/ind-manufactura-final-1.jpg\" alt=\"\" width=\"1200\" height=\"500\" \/><strong>MANUFACTURING<\/strong><\/h2>\n<ul>\n<li><img decoding=\"async\" loading=\"lazy\" class=\"alignnone size-large\" src=\"https:\/\/businecon.com\/wp-content\/uploads\/2019\/05\/cuadrito.jpg\" alt=\"\" width=\"0.1\" height=\"0.1\" \/><\/li>\n<li>\u2022 Grupo Levapan S.A.C.<\/li>\n<li>\u2022 Indubras S.A.C.<\/li>\n<li>\u2022 Electroandina Industrial S.A.C. (Indurama)<\/li>\n<li>\u2022 Papelera Inka S.A.<\/li>\n<li><\/li>\n<\/ul>\n<h2><\/h2>\n<p>\n<\/div><div class=\"kc-elm kc-css-860009\" style=\"height: 50px; clear: both; width:100%;\"><\/div><div class=\"kc-elm kc-css-612613 kc_text_block\"><\/p>\n<h2><img decoding=\"async\" loading=\"lazy\" class=\"alignnone size-large\" src=\"https:\/\/businecon.com\/wp-content\/uploads\/2019\/07\/ind-textil-final-1.jpg\" alt=\"\" width=\"1200\" height=\"500\" \/><strong>TEXTILE INDUSTRY<\/strong><\/h2>\n<ul>\n<li><img decoding=\"async\" loading=\"lazy\" class=\"alignnone size-large\" src=\"https:\/\/businecon.com\/wp-content\/uploads\/2019\/05\/cuadrito.jpg\" alt=\"\" width=\"0.1\" height=\"0.1\" \/><\/li>\n<li>\u2022 Cia. Industrial Nuevo Mundo S.A.<\/li>\n<\/ul>\n<h2><\/h2>\n<p>\n<\/div><div class=\"kc-elm kc-css-678550\" style=\"height: 50px; clear: both; width:100%;\"><\/div><div class=\"kc-elm kc-css-774120 kc_text_block\"><\/p>\n<h2><strong><img decoding=\"async\" loading=\"lazy\" class=\"alignnone size-large\" src=\"https:\/\/businecon.com\/wp-content\/uploads\/2019\/07\/ind-tecnologia-final-2.jpg\" alt=\"\" width=\"1200\" height=\"500\" \/>TECHNOLOGY<\/strong><\/h2>\n<ul>\n<li><img decoding=\"async\" loading=\"lazy\" class=\"alignnone size-large\" src=\"https:\/\/businecon.com\/wp-content\/uploads\/2019\/05\/cuadrito.jpg\" alt=\"\" width=\"0.1\" height=\"0.1\" \/><\/li>\n<li>\u2022 Quadrem Per\u00fa S.A.C.<\/li>\n<\/ul>\n<h2><\/h2>\n<p>\n<\/div><div class=\"kc-elm kc-css-392427\" style=\"height: 50px; clear: both; width:100%;\"><\/div><\/div><\/div><div class=\"kc-elm kc-css-311630 kc_col-sm-6 kc_column kc_col-sm-6\"><div class=\"kc-col-container\"><div class=\"kc-elm kc-css-691244 kc_text_block\"><\/p>\n<h2><img decoding=\"async\" loading=\"lazy\" class=\"alignnone size-large\" src=\"https:\/\/businecon.com\/wp-content\/uploads\/2019\/07\/ind-agroindustria-final-1.jpg\" alt=\"\" width=\"1200\" height=\"500\" \/><strong>INDUSTRY<\/strong><\/h2>\n<ul>\n<li><img decoding=\"async\" loading=\"lazy\" class=\"alignnone size-large\" src=\"https:\/\/businecon.com\/wp-content\/uploads\/2019\/05\/cuadrito.jpg\" alt=\"\" width=\"0.1\" height=\"0.1\" \/><\/li>\n<li>\u2022 Agroindustrias Nobex S.A.C.<\/li>\n<li>\u2022 Aplex Trading S.A.C.<\/li>\n<li>\u2022 Cerdos Sur Per\u00fa S.A.<\/li>\n<li>\u2022 Cynara Per\u00fa S.A.C.<\/li>\n<li>\u2022 Forestal Don Guillermo S.A.C.<\/li>\n<li>\u2022 Key Per\u00fa S.A.C.<\/li>\n<li>\u2022 Molinos Asociados S.A.C.<\/li>\n<li>\u2022 Nobex Agroindustrial S.A.C.<\/li>\n<li>\u2022 Productos Encurtidos S.A.<img decoding=\"async\" loading=\"lazy\" class=\"alignnone size-large\" src=\"https:\/\/businecon.com\/wp-content\/uploads\/2019\/05\/cuadrito.jpg\" alt=\"\" width=\"0.1\" height=\"0.1\" \/><\/li>\n<li><span style=\"color: #ffffff;\">d<\/span><\/li>\n<li><span style=\"color: #ffffff;\">f<\/span><\/li>\n<li><span style=\"color: #ffffff;\">g<\/span><\/li>\n<li><span style=\"color: #ffffff;\">h<\/span><\/li>\n<li><span style=\"color: #ffffff;\">j<\/span><\/li>\n<li><span style=\"color: #ffffff;\">k<\/span><\/li>\n<li><span style=\"color: #ffffff;\">l<\/span><\/li>\n<li><span style=\"color: #ffffff;\">m<\/span><\/li>\n<li><\/li>\n<\/ul>\n<p>\n<\/div><div class=\"kc-elm kc-css-642158\" style=\"height: 50px; clear: both; width:100%;\"><\/div><div class=\"kc-elm kc-css-913291 kc_text_block\"><\/p>\n<h2><img decoding=\"async\" loading=\"lazy\" class=\"alignnone size-large\" src=\"https:\/\/businecon.com\/wp-content\/uploads\/2019\/07\/ind-entretenimiento-final-1.jpg\" alt=\"\" width=\"1200\" height=\"500\" \/><br \/>\n<strong>ENTERTAINMENT SERVICES<\/strong><\/h2>\n<ul>\n<li><img decoding=\"async\" loading=\"lazy\" class=\"alignnone size-large\" src=\"https:\/\/businecon.com\/wp-content\/uploads\/2019\/05\/cuadrito.jpg\" alt=\"\" width=\"0.1\" height=\"0.1\" \/><\/li>\n<li>\u2022 Negociaciones y Representaciones Dusanc S.A.C.<\/li>\n<li>\u2022 Evo Management S.A.C.<\/li>\n<li>\u2022 Inversiones Hanson S.A.C.<\/li>\n<li>\u2022 Sir Play S.A.C.<\/li>\n<li>\u2022 Fun Pro S.A.C.<\/li>\n<li>\u2022 Inversiones Durika S.A.C.<\/li>\n<li><img decoding=\"async\" loading=\"lazy\" class=\"alignnone size-large\" src=\"https:\/\/businecon.com\/wp-content\/uploads\/2019\/05\/cuadrito.jpg\" alt=\"\" width=\"0.1\" height=\"0.1\" \/><\/li>\n<\/ul>\n<h2><\/h2>\n<p>\n<\/div><div class=\"kc-elm kc-css-777444\" style=\"height: 50px; clear: both; width:100%;\"><\/div><div class=\"kc-elm kc-css-945789 kc_text_block\"><\/p>\n<h2><img decoding=\"async\" loading=\"lazy\" class=\"alignnone size-large\" src=\"https:\/\/businecon.com\/wp-content\/uploads\/2019\/07\/ind-construccion-final-1.jpg\" alt=\"\" width=\"1200\" height=\"500\" \/><strong>CONSTRUCTION<\/strong><\/h2>\n<ul>\n<li><img decoding=\"async\" loading=\"lazy\" class=\"alignnone size-large\" src=\"https:\/\/businecon.com\/wp-content\/uploads\/2019\/05\/cuadrito.jpg\" alt=\"\" width=\"0.1\" height=\"0.1\" \/><\/li>\n<li>\u2022 Comercializadora S&amp;E Per\u00fa S.A.C.<\/li>\n<li>\u2022 Corporaci\u00f3n Ejecutora de Obras S.A.C.<\/li>\n<li>\u2022 Ingenieros Civiles y Contratistas Generales S.A.<\/li>\n<li>\u2022 Maccaferri de Per\u00fa S.A.C.<\/li>\n<\/ul>\n<h2><\/h2>\n<p>\n<\/div><div class=\"kc-elm kc-css-569877\" style=\"height: 50px; clear: both; width:100%;\"><\/div><div class=\"kc-elm kc-css-823638 kc_text_block\"><\/p>\n<h2><img decoding=\"async\" loading=\"lazy\" class=\"alignnone size-large\" src=\"https:\/\/businecon.com\/wp-content\/uploads\/2019\/07\/ind-mineria-final-1.jpg\" alt=\"\" width=\"1200\" height=\"500\" \/><strong>MINING<\/strong><\/h2>\n<ul>\n<li><img decoding=\"async\" loading=\"lazy\" class=\"alignnone size-large\" src=\"https:\/\/businecon.com\/wp-content\/uploads\/2019\/05\/cuadrito.jpg\" alt=\"\" width=\"0.1\" height=\"0.1\" \/><\/li>\n<li>\u2022 Corporaci\u00f3n Minera Toma La Mano S.A.<\/li>\n<\/ul>\n<h2><\/h2>\n<p>\n<\/div><div class=\"kc-elm kc-css-524500\" style=\"height: 50px; clear: both; width:100%;\"><\/div><div class=\"kc-elm kc-css-149206 kc_text_block\"><\/p>\n<h2><img decoding=\"async\" loading=\"lazy\" class=\"alignnone size-large\" src=\"https:\/\/businecon.com\/wp-content\/uploads\/2019\/07\/ind-otros-final-1.jpg\" alt=\"\" width=\"1200\" height=\"500\" \/><strong>OTHER SERVICES<\/strong><\/h2>\n<ul>\n<li><img decoding=\"async\" loading=\"lazy\" class=\"alignnone size-large\" src=\"https:\/\/businecon.com\/wp-content\/uploads\/2019\/05\/cuadrito.jpg\" alt=\"\" width=\"0.1\" height=\"0.1\" \/><\/li>\n<li>\u2022 Campo Mayor S.R.L.<\/li>\n<li>\u2022 Global Factoring<\/li>\n<li>\u2022 Inversiones y Servicios Financieros S.A. -Inserfinsa<\/li>\n<li>\u2022 Laboratorio Digital<\/li>\n<li>\u2022 Sky Air Line<\/li>\n<li>\u2022 Suiza Alerta S.A.C.<\/li>\n<li>\u2022 Suiza Lab S.A.C.<\/li>\n<li><\/li>\n<li><\/li>\n<\/ul>\n<h2><\/h2>\n<p>\n<\/div><div class=\"kc-elm kc-css-589746\" style=\"height: 50px; clear: both; width:100%;\"><\/div><\/div><\/div><\/div><\/div><\/section><section class=\"kc-elm kc-css-404368 kc_row\"><div class=\"kc-row-container  kc-container\"><div class=\"kc-wrap-columns\"><div class=\"kc-elm kc-css-629023 kc_col-sm-12 kc_column kc_col-sm-12\"><div class=\"kc-col-container\"><div class=\"kc-elm kc-css-196840\" style=\"height: 50px; clear: both; width:100%;\"><\/div><\/div><\/div><\/div><\/div><\/section><section class=\"kc-elm kc-css-958517 kc_row\"><div class=\"kc-row-container  kc-container\"><div class=\"kc-wrap-columns\"><div class=\"kc-elm kc-css-930975 kc_col-sm-12 kc_column kc_col-sm-12\"><div class=\"kc-col-container\"><div class=\"kc-elm kc-css-59151 kc_text_block\"><p><\/p>\n<\/div><\/div><\/div><\/div><\/div><\/section><\/p>","protected":false},"excerpt":{"rendered":"","protected":false},"author":1,"featured_media":0,"parent":0,"menu_order":0,"comment_status":"closed","ping_status":"closed","template":"tpl-king_composer.php","meta":[],"yoast_head":"<!-- This site is optimized with the Yoast SEO plugin v20.5 - https:\/\/yoast.com\/wordpress\/plugins\/seo\/ -->\n<title>Businecon - Industrias<\/title>\n<meta name=\"description\" content=\"Businecon ha elaborado informes de precios de transferencia y\/o valorizacion para las empresas listadas en nuestra secci\u00f3n de Industrias.\" \/>\n<meta name=\"robots\" content=\"index, follow, max-snippet:-1, max-image-preview:large, max-video-preview:-1\" \/>\n<link rel=\"canonical\" href=\"https:\/\/businecon.com\/en\/experiencia\/\" \/>\n<meta property=\"og:locale\" content=\"en_US\" \/>\n<meta property=\"og:type\" content=\"article\" \/>\n<meta property=\"og:title\" content=\"Businecon - Industrias\" \/>\n<meta property=\"og:description\" content=\"Businecon ha elaborado informes de precios de transferencia y\/o valorizacion para las empresas listadas en nuestra secci\u00f3n de Industrias.\" \/>\n<meta property=\"og:url\" content=\"https:\/\/businecon.com\/en\/experiencia\/\" \/>\n<meta property=\"og:site_name\" content=\"Business Economics\" \/>\n<meta property=\"article:publisher\" content=\"https:\/\/www.facebook.com\/Businecon-175734209019\/\" \/>\n<meta property=\"article:modified_time\" content=\"2023-04-14T15:13:59+00:00\" \/>\n<meta property=\"og:image\" content=\"https:\/\/businecon.com\/wp-content\/uploads\/2019\/07\/ind-comercio-final-1.jpg\" \/>\n<meta name=\"twitter:card\" content=\"summary_large_image\" \/>\n<meta name=\"twitter:site\" content=\"@businecon\" \/>\n<meta name=\"twitter:label1\" content=\"Est. reading time\" \/>\n\t<meta name=\"twitter:data1\" content=\"3 minutes\" \/>\n<script type=\"application\/ld+json\" class=\"yoast-schema-graph\">{\"@context\":\"https:\/\/schema.org\",\"@graph\":[{\"@type\":\"WebPage\",\"@id\":\"https:\/\/businecon.com\/experiencia\/\",\"url\":\"https:\/\/businecon.com\/experiencia\/\",\"name\":\"Businecon - Industrias\",\"isPartOf\":{\"@id\":\"https:\/\/businecon.com\/#website\"},\"datePublished\":\"2017-07-01T17:00:18+00:00\",\"dateModified\":\"2023-04-14T15:13:59+00:00\",\"description\":\"Businecon ha elaborado informes de precios de transferencia y\/o valorizacion para las empresas listadas en nuestra secci\u00f3n de Industrias.\",\"breadcrumb\":{\"@id\":\"https:\/\/businecon.com\/experiencia\/#breadcrumb\"},\"inLanguage\":\"en-US\",\"potentialAction\":[{\"@type\":\"ReadAction\",\"target\":[\"https:\/\/businecon.com\/experiencia\/\"]}]},{\"@type\":\"BreadcrumbList\",\"@id\":\"https:\/\/businecon.com\/experiencia\/#breadcrumb\",\"itemListElement\":[{\"@type\":\"ListItem\",\"position\":1,\"name\":\"Portada\",\"item\":\"https:\/\/businecon.com\/\"},{\"@type\":\"ListItem\",\"position\":2,\"name\":\"Experiencia\"}]},{\"@type\":\"WebSite\",\"@id\":\"https:\/\/businecon.com\/#website\",\"url\":\"https:\/\/businecon.com\/\",\"name\":\"Business Economics\",\"description\":\"Business Economics es una empresa de consultor\u00eda en el planeamiento y elaboraci\u00f3n de estudios t\u00e9cnicos de transferencia que maximicen el valor de las empresas en el largo plazo.\",\"publisher\":{\"@id\":\"https:\/\/businecon.com\/#organization\"},\"potentialAction\":[{\"@type\":\"SearchAction\",\"target\":{\"@type\":\"EntryPoint\",\"urlTemplate\":\"https:\/\/businecon.com\/?s={search_term_string}\"},\"query-input\":\"required name=search_term_string\"}],\"inLanguage\":\"en-US\"},{\"@type\":\"Organization\",\"@id\":\"https:\/\/businecon.com\/#organization\",\"name\":\"Business Economics\",\"url\":\"https:\/\/businecon.com\/\",\"logo\":{\"@type\":\"ImageObject\",\"inLanguage\":\"en-US\",\"@id\":\"https:\/\/businecon.com\/#\/schema\/logo\/image\/\",\"url\":\"https:\/\/businecon.com\/wp-content\/uploads\/2018\/09\/FAVICON-3.png\",\"contentUrl\":\"https:\/\/businecon.com\/wp-content\/uploads\/2018\/09\/FAVICON-3.png\",\"width\":80,\"height\":80,\"caption\":\"Business Economics\"},\"image\":{\"@id\":\"https:\/\/businecon.com\/#\/schema\/logo\/image\/\"},\"sameAs\":[\"https:\/\/www.facebook.com\/Businecon-175734209019\/\",\"https:\/\/twitter.com\/businecon\",\"https:\/\/www.instagram.com\/businecon\/\"]}]}<\/script>\n<!-- \/ Yoast SEO plugin. -->","yoast_head_json":{"title":"Businecon - Industrias","description":"Businecon ha elaborado informes de precios de transferencia y\/o valorizacion para las empresas listadas en nuestra secci\u00f3n de Industrias.","robots":{"index":"index","follow":"follow","max-snippet":"max-snippet:-1","max-image-preview":"max-image-preview:large","max-video-preview":"max-video-preview:-1"},"canonical":"https:\/\/businecon.com\/en\/experiencia\/","og_locale":"en_US","og_type":"article","og_title":"Businecon - Industrias","og_description":"Businecon ha elaborado informes de precios de transferencia y\/o valorizacion para las empresas listadas en nuestra secci\u00f3n de Industrias.","og_url":"https:\/\/businecon.com\/en\/experiencia\/","og_site_name":"Business Economics","article_publisher":"https:\/\/www.facebook.com\/Businecon-175734209019\/","article_modified_time":"2023-04-14T15:13:59+00:00","og_image":[{"url":"https:\/\/businecon.com\/wp-content\/uploads\/2019\/07\/ind-comercio-final-1.jpg"}],"twitter_card":"summary_large_image","twitter_site":"@businecon","twitter_misc":{"Est. reading time":"3 minutes"},"schema":{"@context":"https:\/\/schema.org","@graph":[{"@type":"WebPage","@id":"https:\/\/businecon.com\/experiencia\/","url":"https:\/\/businecon.com\/experiencia\/","name":"Businecon - Industrias","isPartOf":{"@id":"https:\/\/businecon.com\/#website"},"datePublished":"2017-07-01T17:00:18+00:00","dateModified":"2023-04-14T15:13:59+00:00","description":"Businecon ha elaborado informes de precios de transferencia y\/o valorizacion para las empresas listadas en nuestra secci\u00f3n de Industrias.","breadcrumb":{"@id":"https:\/\/businecon.com\/experiencia\/#breadcrumb"},"inLanguage":"en-US","potentialAction":[{"@type":"ReadAction","target":["https:\/\/businecon.com\/experiencia\/"]}]},{"@type":"BreadcrumbList","@id":"https:\/\/businecon.com\/experiencia\/#breadcrumb","itemListElement":[{"@type":"ListItem","position":1,"name":"Portada","item":"https:\/\/businecon.com\/"},{"@type":"ListItem","position":2,"name":"Experiencia"}]},{"@type":"WebSite","@id":"https:\/\/businecon.com\/#website","url":"https:\/\/businecon.com\/","name":"Business Economics","description":"Business Economics es una empresa de consultor\u00eda en el planeamiento y elaboraci\u00f3n de estudios t\u00e9cnicos de transferencia que maximicen el valor de las empresas en el largo plazo.","publisher":{"@id":"https:\/\/businecon.com\/#organization"},"potentialAction":[{"@type":"SearchAction","target":{"@type":"EntryPoint","urlTemplate":"https:\/\/businecon.com\/?s={search_term_string}"},"query-input":"required name=search_term_string"}],"inLanguage":"en-US"},{"@type":"Organization","@id":"https:\/\/businecon.com\/#organization","name":"Business Economics","url":"https:\/\/businecon.com\/","logo":{"@type":"ImageObject","inLanguage":"en-US","@id":"https:\/\/businecon.com\/#\/schema\/logo\/image\/","url":"https:\/\/businecon.com\/wp-content\/uploads\/2018\/09\/FAVICON-3.png","contentUrl":"https:\/\/businecon.com\/wp-content\/uploads\/2018\/09\/FAVICON-3.png","width":80,"height":80,"caption":"Business Economics"},"image":{"@id":"https:\/\/businecon.com\/#\/schema\/logo\/image\/"},"sameAs":["https:\/\/www.facebook.com\/Businecon-175734209019\/","https:\/\/twitter.com\/businecon","https:\/\/www.instagram.com\/businecon\/"]}]}},"_links":{"self":[{"href":"https:\/\/businecon.com\/en\/wp-json\/wp\/v2\/pages\/283"}],"collection":[{"href":"https:\/\/businecon.com\/en\/wp-json\/wp\/v2\/pages"}],"about":[{"href":"https:\/\/businecon.com\/en\/wp-json\/wp\/v2\/types\/page"}],"author":[{"embeddable":true,"href":"https:\/\/businecon.com\/en\/wp-json\/wp\/v2\/users\/1"}],"replies":[{"embeddable":true,"href":"https:\/\/businecon.com\/en\/wp-json\/wp\/v2\/comments?post=283"}],"version-history":[{"count":0,"href":"https:\/\/businecon.com\/en\/wp-json\/wp\/v2\/pages\/283\/revisions"}],"wp:attachment":[{"href":"https:\/\/businecon.com\/en\/wp-json\/wp\/v2\/media?parent=283"}],"curies":[{"name":"wp","href":"https:\/\/api.w.org\/{rel}","templated":true}]}}