{"id":202,"date":"2017-07-01T07:47:18","date_gmt":"2017-07-01T07:47:18","guid":{"rendered":"http:\/\/tonatheme.com\/newwp\/consultive\/?page_id=202"},"modified":"2017-07-01T07:47:18","modified_gmt":"2017-07-01T07:47:18","slug":"performance","status":"publish","type":"page","link":"https:\/\/businecon.com\/en\/performance\/","title":{"rendered":"Performance"},"content":{"rendered":"<section id=\"single-service-area\" class=\"kc-elm kc-css-216952 kc_row\"><div class=\"kc-row-container  kc-container\"><div class=\"kc-wrap-columns\"><div class=\"kc-elm kc-css-648103 kc_col-sm-4 kc_column kc_col-sm-4\"><div class=\"kc-col-container\"><div class=\"kc-elm kc-css-481308 widget-area kc-wp-sidebar\"><h3 class=\"kc-error\"><strong>dynamic-sidebar<\/strong>: The sidebar does not exist or inactive<\/h3><\/div><\/div><\/div><div class=\"kc-elm kc-css-315811 kc_col-sm-8 kc_column kc_col-sm-8\"><div class=\"kc-col-container\"><div class=\"content-box\">\r\n    <!--Start top content-->\r\n    <div class=\"row top-content\">\r\n        <!--Start single item-->\r\n        <div class=\"col-md-12\">\r\n            <div class=\"single-item\">\r\n                <div class=\"img-holder\">\r\n                    <img src=\"http:\/\/tonatheme.com\/newwp\/consultive\/wp-content\/uploads\/2017\/07\/performance.jpg\" alt=\"Awesome Image\">\r\n                <\/div>\r\n                <div class=\"text-holder\">\r\n                    We work closely with Employers across all industry sectors to ensure that their internal sed Human Resource systems processes align to their business requirements idea of denouncing pleasure and praising pain was born and I will give you a complete account of the system, and expound the actual teachings of the great explorer of the truth. Take a 360-degree sed view of yours situations using our seds deep experience, industries specialization and global reach.\r\n\r\nEnsure that their internal sed Human Resource systems processes align to their business requirements idea of denouncing pleasure and praising pain was born and I will give you a complete account of the system, and expound the actual teachings.                <\/div>\r\n            <\/div>\r\n        <\/div>\r\n        <!--End single item-->\r\n    <\/div>\r\n    <!--End top content-->\r\n    \r\n    <!--Start Specific Services-->\r\n    <div class=\"specific-services\">\r\n        <div class=\"sec-title pdb-50\">\r\n            <h1>Specific Services<\/h1>\r\n            <span class=\"border\"><\/span>\r\n        <\/div>\r\n        <div class=\"row\">\r\n                        <!--Start single item-->\r\n            <div class=\"col-lg-4 col-md-12\">\r\n                <div class=\"single-item\">\r\n                    <div class=\"icon-holder\">\r\n                        <span class=\"fa-dribbble\"><\/span>    \r\n                    <\/div>\r\n                    <div class=\"text-holder\">\r\n                        <h3>Talent & HR Analytics<\/h3>\r\n                        <p>Which of ever undertke laborious physical exercised excepts.<\/p>\r\n                        <a href=\"#\">Know More<\/a>\r\n                    <\/div>    \r\n                <\/div>  \r\n            <\/div>\r\n            <!--End single item-->\r\n                        <!--Start single item-->\r\n            <div class=\"col-lg-4 col-md-12\">\r\n                <div class=\"single-item\">\r\n                    <div class=\"icon-holder\">\r\n                        <span class=\"fa-line-chart\"><\/span>    \r\n                    <\/div>\r\n                    <div class=\"text-holder\">\r\n                        <h3>Fraud & Risk Analytics<\/h3>\r\n                        <p>Which of ever undertke laborious physical exercised excepts.<\/p>\r\n                        <a href=\"#\">Know More<\/a>\r\n                    <\/div>    \r\n                <\/div>  \r\n            <\/div>\r\n            <!--End single item-->\r\n                        <!--Start single item-->\r\n            <div class=\"col-lg-4 col-md-12\">\r\n                <div class=\"single-item\">\r\n                    <div class=\"icon-holder\">\r\n                        <span class=\"fa-tv\"><\/span>    \r\n                    <\/div>\r\n                    <div class=\"text-holder\">\r\n                        <h3>Marketing Analytics.<\/h3>\r\n                        <p>Which of ever undertke laborious physical exercised excepts.<\/p>\r\n                        <a href=\"#\">Know More<\/a>\r\n                    <\/div>    \r\n                <\/div>  \r\n            <\/div>\r\n            <!--End single item-->\r\n                \r\n        <\/div>\r\n    <\/div>\r\n    <!--End Specific Services-->\r\n    \r\n    <!--Start Benefits Service content-->\r\n    <div class=\"benefits-service-content\">\r\n        <div class=\"row\">\r\n            <div class=\"col-md-12\">\r\n                <div class=\"sec-title pdb-50\">\r\n                    <h1>Key Benefits of the Service<\/h1>\r\n                    <span class=\"border\"><\/span>\r\n                <\/div>\r\n                <div class=\"row\">\r\n                    <div class=\"col-lg-6 col-md-12\">\r\n                        <div class=\"text-holder\">\r\n                            <p>Beguiled and demoralized by the charms of pleasure of the moment, so blinded by desire, that they cannot foresee the pain and trouble that are bound to ensue beguiled and demoralized.<\/p> \r\n                            <ul>\r\n                                \t\t\t\t\t\t\t\t                                    <li><i class=\"fa fa-angle-right\" aria-hidden=\"true\"><\/i>Develop new ideas and market them\r<\/li>\r\n                                                                    <li><i class=\"fa fa-angle-right\" aria-hidden=\"true\"><\/i>Build leadership and management skills\r<\/li>\r\n                                                                    <li><i class=\"fa fa-angle-right\" aria-hidden=\"true\"><\/i>Improve manufacturing processes\r<\/li>\r\n                                                                    <li><i class=\"fa fa-angle-right\" aria-hidden=\"true\"><\/i>Build a business strategy and plan<\/li>\r\n                                                            <\/ul>\r\n                        <\/div>\r\n                    <\/div>\r\n                    <div class=\"col-lg-6 col-md-12\">\r\n                        <div class=\"video-holder\">\r\n                            <img src=\"http:\/\/tonatheme.com\/newwp\/consultive\/wp-content\/uploads\/2017\/07\/video-gallery.jpg\" alt=\"Awesome Video Gallery\">\r\n                            <div class=\"overlay-gallery\">\r\n                                <div class=\"icon-holder\">\r\n                                    <div class=\"icon\">\r\n                                        <a class=\"html5lightbox\" title=\"Consultive Video Gallery\" href=\"https:\/\/www.youtube.com\/watch?v=-VW_tLcGgwA\"><img src=\"https:\/\/businecon.com\/wp-content\/themes\/consultive\/images\/icon\/play-btn.png\" alt=\"Play Button\"><\/a>   \r\n                                    <\/div>\r\n                                <\/div>    \r\n                            <\/div>\r\n                        <\/div>\r\n                    <\/div>\r\n                <\/div>\r\n            <\/div>\r\n        <\/div>\r\n    <\/div>\r\n    <!--End Benefits Service content-->\r\n    \r\n    <!--Start accordion box-->\r\n    <div class=\"row\">\r\n        <div class=\"col-md-12\">\r\n            <div class=\"accordion-box\">\r\n                                <!--Start single accordion box-->\r\n                <div class=\"accordion accordion-block\">\r\n                    <div class=\"accord-btn active\">\r\n                        <h4>What is the procedure to join with your company?<\/h4>\r\n                    <\/div>\r\n                    <div class=\"accord-content collapsed\">\r\n                        <p>The master-builder of human happiness. No one rejects, dislikes, or avoids pleasure itself, because it is pleasure, but because those who do not know how to pursue pleasure. <\/p>\r\n                    <\/div>\r\n                <\/div>\r\n                <!--End single accordion box--> \r\n                                <!--Start single accordion box-->\r\n                <div class=\"accordion accordion-block\">\r\n                    <div class=\"accord-btn\">\r\n                        <h4>Do you give any offer for premium customer?<\/h4>\r\n                    <\/div>\r\n                    <div class=\"accord-content\">\r\n                        <p>The master-builder of human happiness. No one rejects, dislikes, or avoids pleasure itself, because it is pleasure, but because those who do not know how to pursue pleasure. <\/p>\r\n                    <\/div>\r\n                <\/div>\r\n                <!--End single accordion box--> \r\n                                <!--Start single accordion box-->\r\n                <div class=\"accordion accordion-block\">\r\n                    <div class=\"accord-btn\">\r\n                        <h4>What makes you special from others?<\/h4>\r\n                    <\/div>\r\n                    <div class=\"accord-content\">\r\n                        <p>The master-builder of human happiness. No one rejects, dislikes, or avoids pleasure itself, because it is pleasure, but because those who do not know how to pursue pleasure. <\/p>\r\n                    <\/div>\r\n                <\/div>\r\n                <!--End single accordion box--> \r\n                    \r\n            <\/div>\r\n        <\/div>\r\n    <\/div>\r\n    <!--End accordion box-->\r\n    \r\n    <!--Start Consultation form-->\r\n    <div class=\"consultation-form\">\r\n        <div class=\"sec-title pdb-50\">\r\n            <h1>Request Free Consultation<\/h1>\r\n            <span class=\"border\"><\/span>\r\n        <\/div>\r\n        <p class=\"wpcf7-contact-form-not-found\"><strong>Error:<\/strong> Contact form not found.<\/p>    <\/div>\r\n    <!--End Consultation form-->\r\n<\/div><\/div><\/div><\/div><\/div><\/section>","protected":false},"excerpt":{"rendered":"","protected":false},"author":1,"featured_media":0,"parent":0,"menu_order":0,"comment_status":"closed","ping_status":"closed","template":"tpl-king_composer.php","meta":[],"yoast_head":"<!-- This site is optimized with the Yoast SEO plugin v20.5 - https:\/\/yoast.com\/wordpress\/plugins\/seo\/ -->\n<title>Performance - Business Economics<\/title>\n<meta name=\"description\" content=\"Empresa de consultor\u00eda con 9 a\u00f1os de experiencia en el planeamiento y elaboraci\u00f3n de estudios t\u00e9cnicos de precios de transferencia que maximicen el valor de las empresas en el largo plazo, trabajando de la mano con nuestros clientes.\" \/>\n<meta name=\"robots\" content=\"index, follow, max-snippet:-1, max-image-preview:large, max-video-preview:-1\" \/>\n<link rel=\"canonical\" href=\"https:\/\/businecon.com\/en\/performance\/\" \/>\n<meta property=\"og:locale\" content=\"en_US\" \/>\n<meta property=\"og:type\" content=\"article\" \/>\n<meta property=\"og:title\" content=\"Performance - Business Economics\" \/>\n<meta property=\"og:description\" content=\"Empresa de consultor\u00eda con 9 a\u00f1os de experiencia en el planeamiento y elaboraci\u00f3n de estudios t\u00e9cnicos de precios de transferencia que maximicen el valor de las empresas en el largo plazo, trabajando de la mano con nuestros clientes.\" \/>\n<meta property=\"og:url\" content=\"https:\/\/businecon.com\/en\/performance\/\" \/>\n<meta property=\"og:site_name\" content=\"Business Economics\" \/>\n<meta property=\"article:publisher\" content=\"https:\/\/www.facebook.com\/Businecon-175734209019\/\" \/>\n<meta name=\"twitter:card\" content=\"summary_large_image\" \/>\n<meta name=\"twitter:site\" content=\"@businecon\" \/>\n<meta name=\"twitter:label1\" content=\"Est. reading time\" \/>\n\t<meta name=\"twitter:data1\" content=\"2 minutes\" \/>\n<script type=\"application\/ld+json\" class=\"yoast-schema-graph\">{\"@context\":\"https:\/\/schema.org\",\"@graph\":[{\"@type\":\"WebPage\",\"@id\":\"https:\/\/businecon.com\/performance\/\",\"url\":\"https:\/\/businecon.com\/performance\/\",\"name\":\"Performance - Business Economics\",\"isPartOf\":{\"@id\":\"https:\/\/businecon.com\/#website\"},\"datePublished\":\"2017-07-01T07:47:18+00:00\",\"dateModified\":\"2017-07-01T07:47:18+00:00\",\"description\":\"Empresa de consultor\u00eda con 9 a\u00f1os de experiencia en el planeamiento y elaboraci\u00f3n de estudios t\u00e9cnicos de precios de transferencia que maximicen el valor de las empresas en el largo plazo, trabajando de la mano con nuestros clientes.\",\"breadcrumb\":{\"@id\":\"https:\/\/businecon.com\/performance\/#breadcrumb\"},\"inLanguage\":\"en-US\",\"potentialAction\":[{\"@type\":\"ReadAction\",\"target\":[\"https:\/\/businecon.com\/performance\/\"]}]},{\"@type\":\"BreadcrumbList\",\"@id\":\"https:\/\/businecon.com\/performance\/#breadcrumb\",\"itemListElement\":[{\"@type\":\"ListItem\",\"position\":1,\"name\":\"Portada\",\"item\":\"https:\/\/businecon.com\/\"},{\"@type\":\"ListItem\",\"position\":2,\"name\":\"Performance\"}]},{\"@type\":\"WebSite\",\"@id\":\"https:\/\/businecon.com\/#website\",\"url\":\"https:\/\/businecon.com\/\",\"name\":\"Business Economics\",\"description\":\"Business Economics es una empresa de consultor\u00eda en el planeamiento y elaboraci\u00f3n de estudios t\u00e9cnicos de transferencia que maximicen el valor de las empresas en el largo plazo.\",\"publisher\":{\"@id\":\"https:\/\/businecon.com\/#organization\"},\"potentialAction\":[{\"@type\":\"SearchAction\",\"target\":{\"@type\":\"EntryPoint\",\"urlTemplate\":\"https:\/\/businecon.com\/?s={search_term_string}\"},\"query-input\":\"required name=search_term_string\"}],\"inLanguage\":\"en-US\"},{\"@type\":\"Organization\",\"@id\":\"https:\/\/businecon.com\/#organization\",\"name\":\"Business Economics\",\"url\":\"https:\/\/businecon.com\/\",\"logo\":{\"@type\":\"ImageObject\",\"inLanguage\":\"en-US\",\"@id\":\"https:\/\/businecon.com\/#\/schema\/logo\/image\/\",\"url\":\"https:\/\/businecon.com\/wp-content\/uploads\/2018\/09\/FAVICON-3.png\",\"contentUrl\":\"https:\/\/businecon.com\/wp-content\/uploads\/2018\/09\/FAVICON-3.png\",\"width\":80,\"height\":80,\"caption\":\"Business Economics\"},\"image\":{\"@id\":\"https:\/\/businecon.com\/#\/schema\/logo\/image\/\"},\"sameAs\":[\"https:\/\/www.facebook.com\/Businecon-175734209019\/\",\"https:\/\/twitter.com\/businecon\",\"https:\/\/www.instagram.com\/businecon\/\"]}]}<\/script>\n<!-- \/ Yoast SEO plugin. -->","yoast_head_json":{"title":"Performance - Business Economics","description":"Empresa de consultor\u00eda con 9 a\u00f1os de experiencia en el planeamiento y elaboraci\u00f3n de estudios t\u00e9cnicos de precios de transferencia que maximicen el valor de las empresas en el largo plazo, trabajando de la mano con nuestros clientes.","robots":{"index":"index","follow":"follow","max-snippet":"max-snippet:-1","max-image-preview":"max-image-preview:large","max-video-preview":"max-video-preview:-1"},"canonical":"https:\/\/businecon.com\/en\/performance\/","og_locale":"en_US","og_type":"article","og_title":"Performance - Business Economics","og_description":"Empresa de consultor\u00eda con 9 a\u00f1os de experiencia en el planeamiento y elaboraci\u00f3n de estudios t\u00e9cnicos de precios de transferencia que maximicen el valor de las empresas en el largo plazo, trabajando de la mano con nuestros clientes.","og_url":"https:\/\/businecon.com\/en\/performance\/","og_site_name":"Business Economics","article_publisher":"https:\/\/www.facebook.com\/Businecon-175734209019\/","twitter_card":"summary_large_image","twitter_site":"@businecon","twitter_misc":{"Est. reading time":"2 minutes"},"schema":{"@context":"https:\/\/schema.org","@graph":[{"@type":"WebPage","@id":"https:\/\/businecon.com\/performance\/","url":"https:\/\/businecon.com\/performance\/","name":"Performance - Business Economics","isPartOf":{"@id":"https:\/\/businecon.com\/#website"},"datePublished":"2017-07-01T07:47:18+00:00","dateModified":"2017-07-01T07:47:18+00:00","description":"Empresa de consultor\u00eda con 9 a\u00f1os de experiencia en el planeamiento y elaboraci\u00f3n de estudios t\u00e9cnicos de precios de transferencia que maximicen el valor de las empresas en el largo plazo, trabajando de la mano con nuestros clientes.","breadcrumb":{"@id":"https:\/\/businecon.com\/performance\/#breadcrumb"},"inLanguage":"en-US","potentialAction":[{"@type":"ReadAction","target":["https:\/\/businecon.com\/performance\/"]}]},{"@type":"BreadcrumbList","@id":"https:\/\/businecon.com\/performance\/#breadcrumb","itemListElement":[{"@type":"ListItem","position":1,"name":"Portada","item":"https:\/\/businecon.com\/"},{"@type":"ListItem","position":2,"name":"Performance"}]},{"@type":"WebSite","@id":"https:\/\/businecon.com\/#website","url":"https:\/\/businecon.com\/","name":"Business Economics","description":"Business Economics es una empresa de consultor\u00eda en el planeamiento y elaboraci\u00f3n de estudios t\u00e9cnicos de transferencia que maximicen el valor de las empresas en el largo plazo.","publisher":{"@id":"https:\/\/businecon.com\/#organization"},"potentialAction":[{"@type":"SearchAction","target":{"@type":"EntryPoint","urlTemplate":"https:\/\/businecon.com\/?s={search_term_string}"},"query-input":"required name=search_term_string"}],"inLanguage":"en-US"},{"@type":"Organization","@id":"https:\/\/businecon.com\/#organization","name":"Business Economics","url":"https:\/\/businecon.com\/","logo":{"@type":"ImageObject","inLanguage":"en-US","@id":"https:\/\/businecon.com\/#\/schema\/logo\/image\/","url":"https:\/\/businecon.com\/wp-content\/uploads\/2018\/09\/FAVICON-3.png","contentUrl":"https:\/\/businecon.com\/wp-content\/uploads\/2018\/09\/FAVICON-3.png","width":80,"height":80,"caption":"Business Economics"},"image":{"@id":"https:\/\/businecon.com\/#\/schema\/logo\/image\/"},"sameAs":["https:\/\/www.facebook.com\/Businecon-175734209019\/","https:\/\/twitter.com\/businecon","https:\/\/www.instagram.com\/businecon\/"]}]}},"_links":{"self":[{"href":"https:\/\/businecon.com\/en\/wp-json\/wp\/v2\/pages\/202"}],"collection":[{"href":"https:\/\/businecon.com\/en\/wp-json\/wp\/v2\/pages"}],"about":[{"href":"https:\/\/businecon.com\/en\/wp-json\/wp\/v2\/types\/page"}],"author":[{"embeddable":true,"href":"https:\/\/businecon.com\/en\/wp-json\/wp\/v2\/users\/1"}],"replies":[{"embeddable":true,"href":"https:\/\/businecon.com\/en\/wp-json\/wp\/v2\/comments?post=202"}],"version-history":[{"count":0,"href":"https:\/\/businecon.com\/en\/wp-json\/wp\/v2\/pages\/202\/revisions"}],"wp:attachment":[{"href":"https:\/\/businecon.com\/en\/wp-json\/wp\/v2\/media?parent=202"}],"curies":[{"name":"wp","href":"https:\/\/api.w.org\/{rel}","templated":true}]}}