{"id":174,"date":"2017-07-01T07:06:23","date_gmt":"2017-07-01T07:06:23","guid":{"rendered":"http:\/\/tonatheme.com\/newwp\/consultive\/?page_id=174"},"modified":"2019-07-08T21:40:12","modified_gmt":"2019-07-09T02:40:12","slug":"servicios","status":"publish","type":"page","link":"https:\/\/businecon.com\/en\/servicios\/","title":{"rendered":"Services"},"content":{"rendered":"<p><section class=\"kc-elm kc-css-778315 kc_row\"><div class=\"kc-row-container  kc-container\"><div class=\"kc-wrap-columns\"><div class=\"kc-elm kc-css-547270 kc_col-sm-12 kc_column kc_col-sm-12\"><div class=\"kc-col-container\"><div class=\"kc-elm kc-css-315642 kc_text_block\"><\/p>\n<p>Our consulting services focus on proposing solutions to the most critical problems and opportunities with the greatest potential for our clients. We work throughout all industries and in different countries. Our team brings extensive experience and deep technical knowledge, which, added to our holistic perspective, allows us to add and multiply value in all areas and functions of the companies we work with.<\/p>\n<p>\n<\/div><\/div><\/div><\/div><\/div><\/section><section class=\"kc-elm kc-css-564253 kc_row\"><div class=\"kc-row-container  kc-container\"><div class=\"kc-wrap-columns\"><div class=\"kc-elm kc-css-265660 kc_col-sm-12 kc_column kc_col-sm-12\"><div class=\"kc-col-container\">   \r\n\r\n<!--Start welcome area-->  \r\n<section class=\"welcome-area sec-padding\">\r\n    <div class=\"container\">\r\n        \r\n\t\t        \r\n        <div class=\"row\">\r\n                        <!--Start single item-->\r\n            <div class=\"col-md-4 col-sm-12 col-xs-12\">\r\n                <div class=\"single-service-item text-center wow fadeInUp\" data-wow-delay=\"0s\" data-wow-duration=\"1s\" data-wow-offset=\"0\">\r\n                    <div class=\"img-holder\">\r\n                        <img width=\"370\" height=\"250\" src=\"https:\/\/businecon.com\/wp-content\/uploads\/2019\/05\/adult-black-boardroom-1345085-370x250.jpg\" class=\"attachment-consultive_370x250 size-consultive_370x250 wp-post-image\" alt=\"\" decoding=\"async\" loading=\"lazy\" \/>                        <div class=\"overlay-style-one\">\r\n                            <div class=\"box\">\r\n                                <div class=\"content\">\r\n                                    <a href=\"https:\/\/businecon.com\/en\/services\/consultoria-de-negocios-2\/\"><i class=\"fa fa-link\" aria-hidden=\"true\"><\/i><\/a>\r\n                                <\/div>\r\n                            <\/div>\r\n                        <\/div>\r\n                    <\/div>\r\n                    <div class=\"text-holder\">\r\n                        <div class=\"text\">\r\n                            <a href=\"https:\/\/businecon.com\/en\/services\/consultoria-de-negocios-2\/\"><h3 class=\"title\">Business Consulting<\/h3><\/a>\r\n                            <p>We offer the service of elaboration of Business Plans, Business Strategies, Commercial Reports, and Evaluation and Implementation of Investment Projects.<\/p>\r\n                        <\/div>\r\n                    <\/div>\r\n                <\/div>\r\n            <\/div>\r\n            <!--End single item-->\r\n                        <!--Start single item-->\r\n            <div class=\"col-md-4 col-sm-12 col-xs-12\">\r\n                <div class=\"single-service-item text-center wow fadeInUp\" data-wow-delay=\"0s\" data-wow-duration=\"1s\" data-wow-offset=\"0\">\r\n                    <div class=\"img-holder\">\r\n                        <img width=\"370\" height=\"250\" src=\"https:\/\/businecon.com\/wp-content\/uploads\/2019\/04\/agenda-analysis-business-plan-990818-370x250.jpg\" class=\"attachment-consultive_370x250 size-consultive_370x250 wp-post-image\" alt=\"\" decoding=\"async\" loading=\"lazy\" \/>                        <div class=\"overlay-style-one\">\r\n                            <div class=\"box\">\r\n                                <div class=\"content\">\r\n                                    <a href=\"https:\/\/businecon.com\/en\/services\/finanzas-corporativas\/\"><i class=\"fa fa-link\" aria-hidden=\"true\"><\/i><\/a>\r\n                                <\/div>\r\n                            <\/div>\r\n                        <\/div>\r\n                    <\/div>\r\n                    <div class=\"text-holder\">\r\n                        <div class=\"text\">\r\n                            <a href=\"https:\/\/businecon.com\/en\/services\/finanzas-corporativas\/\"><h3 class=\"title\">Corporate Finance<\/h3><\/a>\r\n                            <p>We carry out the elaboration of Financial Management Reports (Financial Benchmarking with the Industry), Prospective Financial Analysis Reports ...<\/p>\r\n                        <\/div>\r\n                    <\/div>\r\n                <\/div>\r\n            <\/div>\r\n            <!--End single item-->\r\n                        <!--Start single item-->\r\n            <div class=\"col-md-4 col-sm-12 col-xs-12\">\r\n                <div class=\"single-service-item text-center wow fadeInUp\" data-wow-delay=\"0s\" data-wow-duration=\"1s\" data-wow-offset=\"0\">\r\n                    <div class=\"img-holder\">\r\n                        <img width=\"370\" height=\"250\" src=\"https:\/\/businecon.com\/wp-content\/uploads\/2019\/05\/accounting-analysis-analytics-938963-370x250.jpg\" class=\"attachment-consultive_370x250 size-consultive_370x250 wp-post-image\" alt=\"\" decoding=\"async\" loading=\"lazy\" \/>                        <div class=\"overlay-style-one\">\r\n                            <div class=\"box\">\r\n                                <div class=\"content\">\r\n                                    <a href=\"https:\/\/businecon.com\/en\/services\/precios-de-transferencia\/\"><i class=\"fa fa-link\" aria-hidden=\"true\"><\/i><\/a>\r\n                                <\/div>\r\n                            <\/div>\r\n                        <\/div>\r\n                    <\/div>\r\n                    <div class=\"text-holder\">\r\n                        <div class=\"text\">\r\n                            <a href=\"https:\/\/businecon.com\/en\/services\/precios-de-transferencia\/\"><h3 class=\"title\">Transfer Pricing<\/h3><\/a>\r\n                            <p>Business Economics\u2122 ofrece a la comunidad empresarial su servicio de precios de transferencia dentro del correcto cumplimiento de las normas tributarias seg\u00fan la ...<\/p>\r\n                        <\/div>\r\n                    <\/div>\r\n                <\/div>\r\n            <\/div>\r\n            <!--End single item-->\r\n                    <\/div>\r\n    <\/div>\r\n<\/section>\r\n<!--End welcome area-->\r\n\r\n<\/div><\/div><\/div><\/div><\/section><section class=\"kc-elm kc-css-673205 kc_row\"><div class=\"kc-row-container  kc-container\"><div class=\"kc-wrap-columns\"><div class=\"kc-elm kc-css-49799 kc_column kc_col-sm-12\"><div class=\"kc-col-container\"><div class=\"kc-elm kc-css-215748 kc_text_block\"><\/p>\n<div class=\"view-header\">\n<div class=\"divider dotted\"><\/div>\n<\/div>\n<div class=\"view-content\">\n<div class=\"row-fluid\">\n<div class=\"span5-5\">\n<div class=\"feature pe-block\">\n<div class=\"feature-title\" style=\"font-size: medium; font-weight: 400;\"><\/div>\n<\/div>\n<\/div>\n<\/div>\n<\/div>\n<p>\n<\/div><\/div><\/div><\/div><\/div><\/section><\/p>","protected":false},"excerpt":{"rendered":"","protected":false},"author":1,"featured_media":0,"parent":0,"menu_order":0,"comment_status":"closed","ping_status":"closed","template":"tpl-king_composer.php","meta":[],"yoast_head":"<!-- This site is optimized with the Yoast SEO plugin v20.5 - https:\/\/yoast.com\/wordpress\/plugins\/seo\/ -->\n<title>Businecon - Servicios<\/title>\n<meta name=\"description\" content=\"Conozca los Servicios que ofrecemos en Businecon, proponiendo soluciones a los problemas m\u00e1s cr\u00edticos para nuestros clientes.\" \/>\n<meta name=\"robots\" content=\"index, follow, max-snippet:-1, max-image-preview:large, max-video-preview:-1\" \/>\n<link rel=\"canonical\" href=\"https:\/\/businecon.com\/en\/servicios\/\" \/>\n<meta property=\"og:locale\" content=\"en_US\" \/>\n<meta property=\"og:type\" content=\"article\" \/>\n<meta property=\"og:title\" content=\"Businecon - Servicios\" \/>\n<meta property=\"og:description\" content=\"Conozca los Servicios que ofrecemos en Businecon, proponiendo soluciones a los problemas m\u00e1s cr\u00edticos para nuestros clientes.\" \/>\n<meta property=\"og:url\" content=\"https:\/\/businecon.com\/en\/servicios\/\" \/>\n<meta property=\"og:site_name\" content=\"Business Economics\" \/>\n<meta property=\"article:publisher\" content=\"https:\/\/www.facebook.com\/Businecon-175734209019\/\" \/>\n<meta property=\"article:modified_time\" content=\"2019-07-09T02:40:12+00:00\" \/>\n<meta property=\"og:image\" content=\"https:\/\/businecon.com\/wp-content\/uploads\/2017\/06\/1-1.jpg\" \/>\n<meta name=\"twitter:card\" content=\"summary_large_image\" \/>\n<meta name=\"twitter:site\" content=\"@businecon\" \/>\n<meta name=\"twitter:label1\" content=\"Est. reading time\" \/>\n\t<meta name=\"twitter:data1\" content=\"1 minute\" \/>\n<script type=\"application\/ld+json\" class=\"yoast-schema-graph\">{\"@context\":\"https:\/\/schema.org\",\"@graph\":[{\"@type\":\"WebPage\",\"@id\":\"https:\/\/businecon.com\/servicios\/\",\"url\":\"https:\/\/businecon.com\/servicios\/\",\"name\":\"Businecon - Servicios\",\"isPartOf\":{\"@id\":\"https:\/\/businecon.com\/#website\"},\"datePublished\":\"2017-07-01T07:06:23+00:00\",\"dateModified\":\"2019-07-09T02:40:12+00:00\",\"description\":\"Conozca los Servicios que ofrecemos en Businecon, proponiendo soluciones a los problemas m\u00e1s cr\u00edticos para nuestros clientes.\",\"breadcrumb\":{\"@id\":\"https:\/\/businecon.com\/servicios\/#breadcrumb\"},\"inLanguage\":\"en-US\",\"potentialAction\":[{\"@type\":\"ReadAction\",\"target\":[\"https:\/\/businecon.com\/servicios\/\"]}]},{\"@type\":\"BreadcrumbList\",\"@id\":\"https:\/\/businecon.com\/servicios\/#breadcrumb\",\"itemListElement\":[{\"@type\":\"ListItem\",\"position\":1,\"name\":\"Portada\",\"item\":\"https:\/\/businecon.com\/\"},{\"@type\":\"ListItem\",\"position\":2,\"name\":\"Servicios\"}]},{\"@type\":\"WebSite\",\"@id\":\"https:\/\/businecon.com\/#website\",\"url\":\"https:\/\/businecon.com\/\",\"name\":\"Business Economics\",\"description\":\"Business Economics es una empresa de consultor\u00eda en el planeamiento y elaboraci\u00f3n de estudios t\u00e9cnicos de transferencia que maximicen el valor de las empresas en el largo plazo.\",\"publisher\":{\"@id\":\"https:\/\/businecon.com\/#organization\"},\"potentialAction\":[{\"@type\":\"SearchAction\",\"target\":{\"@type\":\"EntryPoint\",\"urlTemplate\":\"https:\/\/businecon.com\/?s={search_term_string}\"},\"query-input\":\"required name=search_term_string\"}],\"inLanguage\":\"en-US\"},{\"@type\":\"Organization\",\"@id\":\"https:\/\/businecon.com\/#organization\",\"name\":\"Business Economics\",\"url\":\"https:\/\/businecon.com\/\",\"logo\":{\"@type\":\"ImageObject\",\"inLanguage\":\"en-US\",\"@id\":\"https:\/\/businecon.com\/#\/schema\/logo\/image\/\",\"url\":\"https:\/\/businecon.com\/wp-content\/uploads\/2018\/09\/FAVICON-3.png\",\"contentUrl\":\"https:\/\/businecon.com\/wp-content\/uploads\/2018\/09\/FAVICON-3.png\",\"width\":80,\"height\":80,\"caption\":\"Business Economics\"},\"image\":{\"@id\":\"https:\/\/businecon.com\/#\/schema\/logo\/image\/\"},\"sameAs\":[\"https:\/\/www.facebook.com\/Businecon-175734209019\/\",\"https:\/\/twitter.com\/businecon\",\"https:\/\/www.instagram.com\/businecon\/\"]}]}<\/script>\n<!-- \/ Yoast SEO plugin. -->","yoast_head_json":{"title":"Businecon - Servicios","description":"Conozca los Servicios que ofrecemos en Businecon, proponiendo soluciones a los problemas m\u00e1s cr\u00edticos para nuestros clientes.","robots":{"index":"index","follow":"follow","max-snippet":"max-snippet:-1","max-image-preview":"max-image-preview:large","max-video-preview":"max-video-preview:-1"},"canonical":"https:\/\/businecon.com\/en\/servicios\/","og_locale":"en_US","og_type":"article","og_title":"Businecon - Servicios","og_description":"Conozca los Servicios que ofrecemos en Businecon, proponiendo soluciones a los problemas m\u00e1s cr\u00edticos para nuestros clientes.","og_url":"https:\/\/businecon.com\/en\/servicios\/","og_site_name":"Business Economics","article_publisher":"https:\/\/www.facebook.com\/Businecon-175734209019\/","article_modified_time":"2019-07-09T02:40:12+00:00","og_image":[{"url":"https:\/\/businecon.com\/wp-content\/uploads\/2017\/06\/1-1.jpg"}],"twitter_card":"summary_large_image","twitter_site":"@businecon","twitter_misc":{"Est. reading time":"1 minute"},"schema":{"@context":"https:\/\/schema.org","@graph":[{"@type":"WebPage","@id":"https:\/\/businecon.com\/servicios\/","url":"https:\/\/businecon.com\/servicios\/","name":"Businecon - Servicios","isPartOf":{"@id":"https:\/\/businecon.com\/#website"},"datePublished":"2017-07-01T07:06:23+00:00","dateModified":"2019-07-09T02:40:12+00:00","description":"Conozca los Servicios que ofrecemos en Businecon, proponiendo soluciones a los problemas m\u00e1s cr\u00edticos para nuestros clientes.","breadcrumb":{"@id":"https:\/\/businecon.com\/servicios\/#breadcrumb"},"inLanguage":"en-US","potentialAction":[{"@type":"ReadAction","target":["https:\/\/businecon.com\/servicios\/"]}]},{"@type":"BreadcrumbList","@id":"https:\/\/businecon.com\/servicios\/#breadcrumb","itemListElement":[{"@type":"ListItem","position":1,"name":"Portada","item":"https:\/\/businecon.com\/"},{"@type":"ListItem","position":2,"name":"Servicios"}]},{"@type":"WebSite","@id":"https:\/\/businecon.com\/#website","url":"https:\/\/businecon.com\/","name":"Business Economics","description":"Business Economics es una empresa de consultor\u00eda en el planeamiento y elaboraci\u00f3n de estudios t\u00e9cnicos de transferencia que maximicen el valor de las empresas en el largo plazo.","publisher":{"@id":"https:\/\/businecon.com\/#organization"},"potentialAction":[{"@type":"SearchAction","target":{"@type":"EntryPoint","urlTemplate":"https:\/\/businecon.com\/?s={search_term_string}"},"query-input":"required name=search_term_string"}],"inLanguage":"en-US"},{"@type":"Organization","@id":"https:\/\/businecon.com\/#organization","name":"Business Economics","url":"https:\/\/businecon.com\/","logo":{"@type":"ImageObject","inLanguage":"en-US","@id":"https:\/\/businecon.com\/#\/schema\/logo\/image\/","url":"https:\/\/businecon.com\/wp-content\/uploads\/2018\/09\/FAVICON-3.png","contentUrl":"https:\/\/businecon.com\/wp-content\/uploads\/2018\/09\/FAVICON-3.png","width":80,"height":80,"caption":"Business Economics"},"image":{"@id":"https:\/\/businecon.com\/#\/schema\/logo\/image\/"},"sameAs":["https:\/\/www.facebook.com\/Businecon-175734209019\/","https:\/\/twitter.com\/businecon","https:\/\/www.instagram.com\/businecon\/"]}]}},"_links":{"self":[{"href":"https:\/\/businecon.com\/en\/wp-json\/wp\/v2\/pages\/174"}],"collection":[{"href":"https:\/\/businecon.com\/en\/wp-json\/wp\/v2\/pages"}],"about":[{"href":"https:\/\/businecon.com\/en\/wp-json\/wp\/v2\/types\/page"}],"author":[{"embeddable":true,"href":"https:\/\/businecon.com\/en\/wp-json\/wp\/v2\/users\/1"}],"replies":[{"embeddable":true,"href":"https:\/\/businecon.com\/en\/wp-json\/wp\/v2\/comments?post=174"}],"version-history":[{"count":0,"href":"https:\/\/businecon.com\/en\/wp-json\/wp\/v2\/pages\/174\/revisions"}],"wp:attachment":[{"href":"https:\/\/businecon.com\/en\/wp-json\/wp\/v2\/media?parent=174"}],"curies":[{"name":"wp","href":"https:\/\/api.w.org\/{rel}","templated":true}]}}