{"id":111,"date":"2017-07-01T05:44:54","date_gmt":"2017-07-01T05:44:54","guid":{"rendered":"http:\/\/tonatheme.com\/newwp\/consultive\/?page_id=111"},"modified":"2017-07-01T05:44:54","modified_gmt":"2017-07-01T05:44:54","slug":"meet-our-team","status":"publish","type":"page","link":"https:\/\/businecon.com\/en\/meet-our-team\/","title":{"rendered":"Meet Our Team"},"content":{"rendered":"<p><section class=\"kc-elm kc-css-390816 kc_row\"><div class=\"kc-row-container  kc-container\"><div class=\"kc-wrap-columns\"><div class=\"kc-elm kc-css-735518 kc_col-sm-12 kc_column kc_col-sm-12\"><div class=\"kc-col-container\">   \r\n\r\n<!--Start team area-->\r\n<section class=\"team-area sec-padding\">\r\n    <div class=\"container\">\r\n        <div class=\"row\">\r\n                        <!--Start single team member-->\r\n            <div class=\"col-lg-3 col-md-6 col-sm-6 col-xs-12\">\r\n                <div class=\"single-team-member hvr-underline-reveal\">\r\n                    <div class=\"img-holder\">\r\n                        <img width=\"270\" height=\"260\" src=\"https:\/\/businecon.com\/wp-content\/uploads\/2017\/07\/1.jpg\" class=\"attachment-consultive_270x260 size-consultive_270x260 wp-post-image\" alt=\"\" decoding=\"async\" loading=\"lazy\" \/>                        <div class=\"overlay-style-one\">\r\n                            <div class=\"box\">\r\n                                <div class=\"content\">\r\n                                                                        <ul>\r\n                                                                                    <li><a href=\"https:\/\/www.facebook.com\/\"><i class=\"fa fa fa-facebook\"><\/i><\/a><\/li>\r\n                                                                                    <li><a href=\"https:\/\/www.twitter.com\/\"><i class=\"fa fa fa-twitter\"><\/i><\/a><\/li>\r\n                                                                                    <li><a href=\"https:\/\/www.linkedin.com\/\"><i class=\"fa fa fa-linkedin\"><\/i><\/a><\/li>\r\n                                                                            <\/ul>\r\n                                                                    <\/div>\r\n                            <\/div>\r\n\t                    <\/div>\r\n                    <\/div>\r\n                    <div class=\"text-holder\">\r\n                        <h3>Felicity BNovak<\/h3>\r\n                        <span>Designer<\/span>\r\n                        <div class=\"text\">\r\n                            <p>Occasionally circumstances occur in which toil and pain can procure.<\/p>\r\n                        <\/div>\r\n                        <ul class=\"contact-info\">\r\n                            <li>Phone: +123-456-7890<\/li>\r\n                            <li>Email: <b>Felicity@Solutions.com<\/b><\/li>\r\n                        <\/ul>\r\n                    <\/div>    \r\n                <\/div> \r\n            <\/div>\r\n            <!--End single team member-->\r\n                        <!--Start single team member-->\r\n            <div class=\"col-lg-3 col-md-6 col-sm-6 col-xs-12\">\r\n                <div class=\"single-team-member hvr-underline-reveal\">\r\n                    <div class=\"img-holder\">\r\n                        <img width=\"270\" height=\"260\" src=\"https:\/\/businecon.com\/wp-content\/uploads\/2017\/07\/2.jpg\" class=\"attachment-consultive_270x260 size-consultive_270x260 wp-post-image\" alt=\"\" decoding=\"async\" loading=\"lazy\" \/>                        <div class=\"overlay-style-one\">\r\n                            <div class=\"box\">\r\n                                <div class=\"content\">\r\n                                                                        <ul>\r\n                                                                                    <li><a href=\"https:\/\/www.facebook.com\/\"><i class=\"fa fa fa-facebook\"><\/i><\/a><\/li>\r\n                                                                                    <li><a href=\"https:\/\/www.twitter.com\/\"><i class=\"fa fa fa-twitter\"><\/i><\/a><\/li>\r\n                                                                                    <li><a href=\"https:\/\/www.linkedin.com\/\"><i class=\"fa fa fa-linkedin\"><\/i><\/a><\/li>\r\n                                                                            <\/ul>\r\n                                                                    <\/div>\r\n                            <\/div>\r\n\t                    <\/div>\r\n                    <\/div>\r\n                    <div class=\"text-holder\">\r\n                        <h3>Mark Richarson<\/h3>\r\n                        <span>HR Manager<\/span>\r\n                        <div class=\"text\">\r\n                            <p>Idea of denouncing pleasure and praising pain was born give complete.<\/p>\r\n                        <\/div>\r\n                        <ul class=\"contact-info\">\r\n                            <li>Phone: +987-654-3210<\/li>\r\n                            <li>Email: <b>Rich@Solutions.com<\/b><\/li>\r\n                        <\/ul>\r\n                    <\/div>    \r\n                <\/div> \r\n            <\/div>\r\n            <!--End single team member-->\r\n                        <!--Start single team member-->\r\n            <div class=\"col-lg-3 col-md-6 col-sm-6 col-xs-12\">\r\n                <div class=\"single-team-member hvr-underline-reveal\">\r\n                    <div class=\"img-holder\">\r\n                        <img width=\"270\" height=\"260\" src=\"https:\/\/businecon.com\/wp-content\/uploads\/2017\/07\/3.jpg\" class=\"attachment-consultive_270x260 size-consultive_270x260 wp-post-image\" alt=\"\" decoding=\"async\" loading=\"lazy\" \/>                        <div class=\"overlay-style-one\">\r\n                            <div class=\"box\">\r\n                                <div class=\"content\">\r\n                                                                        <ul>\r\n                                                                                    <li><a href=\"https:\/\/www.facebook.com\/\"><i class=\"fa fa fa-facebook\"><\/i><\/a><\/li>\r\n                                                                                    <li><a href=\"https:\/\/www.twitter.com\/\"><i class=\"fa fa fa-twitter\"><\/i><\/a><\/li>\r\n                                                                                    <li><a href=\"https:\/\/www.linkedin.com\/\"><i class=\"fa fa fa-linkedin\"><\/i><\/a><\/li>\r\n                                                                            <\/ul>\r\n                                                                    <\/div>\r\n                            <\/div>\r\n\t                    <\/div>\r\n                    <\/div>\r\n                    <div class=\"text-holder\">\r\n                        <h3>Jom Caraleno<\/h3>\r\n                        <span>Accountant<\/span>\r\n                        <div class=\"text\">\r\n                            <p>Builder of human happiness one rejects, dislikes, or avoids pleasure itself.<\/p>\r\n                        <\/div>\r\n                        <ul class=\"contact-info\">\r\n                            <li>Phone: +456-789-0123<\/li>\r\n                            <li>Email: <b>Caraleno@Solutions.com<\/b><\/li>\r\n                        <\/ul>\r\n                    <\/div>    \r\n                <\/div> \r\n            <\/div>\r\n            <!--End single team member-->\r\n                        <!--Start single team member-->\r\n            <div class=\"col-lg-3 col-md-6 col-sm-6 col-xs-12\">\r\n                <div class=\"single-team-member hvr-underline-reveal\">\r\n                    <div class=\"img-holder\">\r\n                        <img width=\"270\" height=\"260\" src=\"https:\/\/businecon.com\/wp-content\/uploads\/2017\/07\/5.jpg\" class=\"attachment-consultive_270x260 size-consultive_270x260 wp-post-image\" alt=\"\" decoding=\"async\" loading=\"lazy\" \/>                        <div class=\"overlay-style-one\">\r\n                            <div class=\"box\">\r\n                                <div class=\"content\">\r\n                                                                        <ul>\r\n                                                                                    <li><a href=\"https:\/\/www.facebook.com\/\"><i class=\"fa fa fa-facebook\"><\/i><\/a><\/li>\r\n                                                                                    <li><a href=\"https:\/\/www.twitter.com\/\"><i class=\"fa fa fa-twitter\"><\/i><\/a><\/li>\r\n                                                                                    <li><a href=\"https:\/\/www.linkedin.com\/\"><i class=\"fa fa fa-linkedin\"><\/i><\/a><\/li>\r\n                                                                            <\/ul>\r\n                                                                    <\/div>\r\n                            <\/div>\r\n\t                    <\/div>\r\n                    <\/div>\r\n                    <div class=\"text-holder\">\r\n                        <h3>Allan Donald<\/h3>\r\n                        <span>Accountant<\/span>\r\n                        <div class=\"text\">\r\n                            <p>Builder of human happiness one rejects, dislikes, or avoids itself<\/p>\r\n                        <\/div>\r\n                        <ul class=\"contact-info\">\r\n                            <li>Phone: +456-789-0123<\/li>\r\n                            <li>Email: <b>Donald@Solutions.com<\/b><\/li>\r\n                        <\/ul>\r\n                    <\/div>    \r\n                <\/div> \r\n            <\/div>\r\n            <!--End single team member-->\r\n                        <!--Start single team member-->\r\n            <div class=\"col-lg-3 col-md-6 col-sm-6 col-xs-12\">\r\n                <div class=\"single-team-member hvr-underline-reveal\">\r\n                    <div class=\"img-holder\">\r\n                        <img width=\"270\" height=\"260\" src=\"https:\/\/businecon.com\/wp-content\/uploads\/2017\/07\/6.jpg\" class=\"attachment-consultive_270x260 size-consultive_270x260 wp-post-image\" alt=\"\" decoding=\"async\" loading=\"lazy\" \/>                        <div class=\"overlay-style-one\">\r\n                            <div class=\"box\">\r\n                                <div class=\"content\">\r\n                                                                        <ul>\r\n                                                                                    <li><a href=\"https:\/\/www.facebook.com\/\"><i class=\"fa fa fa-facebook\"><\/i><\/a><\/li>\r\n                                                                                    <li><a href=\"https:\/\/www.twitter.com\/\"><i class=\"fa fa fa-twitter\"><\/i><\/a><\/li>\r\n                                                                                    <li><a href=\"https:\/\/www.linkedin.com\/\"><i class=\"fa fa fa-linkedin\"><\/i><\/a><\/li>\r\n                                                                            <\/ul>\r\n                                                                    <\/div>\r\n                            <\/div>\r\n\t                    <\/div>\r\n                    <\/div>\r\n                    <div class=\"text-holder\">\r\n                        <h3>Rich Bairstow<\/h3>\r\n                        <span>President<\/span>\r\n                        <div class=\"text\">\r\n                            <p>Pleasure rationally encounter consequences are extremely painful.<\/p>\r\n                        <\/div>\r\n                        <ul class=\"contact-info\">\r\n                            <li>Phone: +789-012-3456<\/li>\r\n                            <li>Email: <b>Bairstow@Solutions.com<\/b><\/li>\r\n                        <\/ul>\r\n                    <\/div>    \r\n                <\/div> \r\n            <\/div>\r\n            <!--End single team member-->\r\n                        <!--Start single team member-->\r\n            <div class=\"col-lg-3 col-md-6 col-sm-6 col-xs-12\">\r\n                <div class=\"single-team-member hvr-underline-reveal\">\r\n                    <div class=\"img-holder\">\r\n                        <img width=\"270\" height=\"260\" src=\"https:\/\/businecon.com\/wp-content\/uploads\/2017\/07\/7.jpg\" class=\"attachment-consultive_270x260 size-consultive_270x260 wp-post-image\" alt=\"\" decoding=\"async\" loading=\"lazy\" \/>                        <div class=\"overlay-style-one\">\r\n                            <div class=\"box\">\r\n                                <div class=\"content\">\r\n                                                                        <ul>\r\n                                                                                    <li><a href=\"https:\/\/www.facebook.com\/\"><i class=\"fa fa fa-facebook\"><\/i><\/a><\/li>\r\n                                                                                    <li><a href=\"https:\/\/www.twitter.com\/\"><i class=\"fa fa fa-twitter\"><\/i><\/a><\/li>\r\n                                                                                    <li><a href=\"https:\/\/www.linkedin.com\/\"><i class=\"fa fa fa-linkedin\"><\/i><\/a><\/li>\r\n                                                                            <\/ul>\r\n                                                                    <\/div>\r\n                            <\/div>\r\n\t                    <\/div>\r\n                    <\/div>\r\n                    <div class=\"text-holder\">\r\n                        <h3>Venanda Joye<\/h3>\r\n                        <span>Designer<\/span>\r\n                        <div class=\"text\">\r\n                            <p>Occasionally circumstances occur in which toil and pain can procure.<\/p>\r\n                        <\/div>\r\n                        <ul class=\"contact-info\">\r\n                            <li>Phone: +123-456-7890<\/li>\r\n                            <li>Email: <b>Venanda@Solutions.com<\/b><\/li>\r\n                        <\/ul>\r\n                    <\/div>    \r\n                <\/div> \r\n            <\/div>\r\n            <!--End single team member-->\r\n                        <!--Start single team member-->\r\n            <div class=\"col-lg-3 col-md-6 col-sm-6 col-xs-12\">\r\n                <div class=\"single-team-member hvr-underline-reveal\">\r\n                    <div class=\"img-holder\">\r\n                        <img width=\"270\" height=\"260\" src=\"https:\/\/businecon.com\/wp-content\/uploads\/2017\/07\/8.jpg\" class=\"attachment-consultive_270x260 size-consultive_270x260 wp-post-image\" alt=\"\" decoding=\"async\" loading=\"lazy\" \/>                        <div class=\"overlay-style-one\">\r\n                            <div class=\"box\">\r\n                                <div class=\"content\">\r\n                                                                        <ul>\r\n                                                                                    <li><a href=\"https:\/\/www.facebook.com\/\"><i class=\"fa fa fa-facebook\"><\/i><\/a><\/li>\r\n                                                                                    <li><a href=\"https:\/\/www.twitter.com\/\"><i class=\"fa fa fa-twitter\"><\/i><\/a><\/li>\r\n                                                                                    <li><a href=\"https:\/\/www.linkedin.com\/\"><i class=\"fa fa fa-linkedin\"><\/i><\/a><\/li>\r\n                                                                            <\/ul>\r\n                                                                    <\/div>\r\n                            <\/div>\r\n\t                    <\/div>\r\n                    <\/div>\r\n                    <div class=\"text-holder\">\r\n                        <h3>Atley Fletcher<\/h3>\r\n                        <span>HR Manager<\/span>\r\n                        <div class=\"text\">\r\n                            <p>Idea of denouncing pleasure and praising pain was born give complete.<\/p>\r\n                        <\/div>\r\n                        <ul class=\"contact-info\">\r\n                            <li>Phone: +987-654-3210<\/li>\r\n                            <li>Email: <b>Fletcher@Solutions.com<\/b><\/li>\r\n                        <\/ul>\r\n                    <\/div>    \r\n                <\/div> \r\n            <\/div>\r\n            <!--End single team member-->\r\n                    <\/div>\r\n    <\/div>\r\n<\/section>\r\n<!--End team area-->\r\n\r\n<\/div><\/div><\/div><\/div><\/section><section class=\"kc-elm kc_row\"><div class=\"kc-row-container\"><div class=\"kc-wrap-columns\"><div class=\"kc-elm kc-css-184172 kc_col-sm-12 kc_column kc_col-sm-12\"><div class=\"kc-col-container\"><!--Start footer top area-->  \n<div class=\"footer-top-area\">\n    <div class=\"container\">\n        <div class=\"row\">\n            <div class=\"col-md-12\">\n                <div class=\"title pull-left\">\n                    <h3>Over 20 years of experience we\u2019ll ensure you get the best guidance.<\/h3>    \n                <\/div>\n                <div class=\"button pull-right\">\n                    <a class=\"thm-btn bgclr-1\" href=\"#\">Request Quote<\/a>\n                <\/div>  \n            <\/div>\n        <\/div>\n    <\/div>\n<\/div> \n <!--End footer top area--><\/div><\/div><\/div><\/div><\/section><\/p>","protected":false},"excerpt":{"rendered":"","protected":false},"author":1,"featured_media":0,"parent":0,"menu_order":0,"comment_status":"closed","ping_status":"closed","template":"tpl-king_composer.php","meta":[],"yoast_head":"<!-- This site is optimized with the Yoast SEO plugin v20.5 - https:\/\/yoast.com\/wordpress\/plugins\/seo\/ -->\n<title>Businecon - Meet our Team<\/title>\n<meta name=\"description\" content=\"Empresa de consultor\u00eda con 9 a\u00f1os de experiencia en el planeamiento y elaboraci\u00f3n de estudios t\u00e9cnicos de precios de transferencia que maximicen el valor de las empresas en el largo plazo, trabajando de la mano con nuestros clientes.\" \/>\n<meta name=\"robots\" content=\"index, follow, max-snippet:-1, max-image-preview:large, max-video-preview:-1\" \/>\n<link rel=\"canonical\" href=\"https:\/\/businecon.com\/en\/meet-our-team\/\" \/>\n<meta property=\"og:locale\" content=\"en_US\" \/>\n<meta property=\"og:type\" content=\"article\" \/>\n<meta property=\"og:title\" content=\"Businecon - Meet our Team\" \/>\n<meta property=\"og:description\" content=\"Empresa de consultor\u00eda con 9 a\u00f1os de experiencia en el planeamiento y elaboraci\u00f3n de estudios t\u00e9cnicos de precios de transferencia que maximicen el valor de las empresas en el largo plazo, trabajando de la mano con nuestros clientes.\" \/>\n<meta property=\"og:url\" content=\"https:\/\/businecon.com\/en\/meet-our-team\/\" \/>\n<meta property=\"og:site_name\" content=\"Business Economics\" \/>\n<meta property=\"article:publisher\" content=\"https:\/\/www.facebook.com\/Businecon-175734209019\/\" \/>\n<meta name=\"twitter:card\" content=\"summary_large_image\" \/>\n<meta name=\"twitter:site\" content=\"@businecon\" \/>\n<script type=\"application\/ld+json\" class=\"yoast-schema-graph\">{\"@context\":\"https:\/\/schema.org\",\"@graph\":[{\"@type\":\"WebPage\",\"@id\":\"https:\/\/businecon.com\/meet-our-team\/\",\"url\":\"https:\/\/businecon.com\/meet-our-team\/\",\"name\":\"Businecon - Meet our Team\",\"isPartOf\":{\"@id\":\"https:\/\/businecon.com\/#website\"},\"datePublished\":\"2017-07-01T05:44:54+00:00\",\"dateModified\":\"2017-07-01T05:44:54+00:00\",\"description\":\"Empresa de consultor\u00eda con 9 a\u00f1os de experiencia en el planeamiento y elaboraci\u00f3n de estudios t\u00e9cnicos de precios de transferencia que maximicen el valor de las empresas en el largo plazo, trabajando de la mano con nuestros clientes.\",\"breadcrumb\":{\"@id\":\"https:\/\/businecon.com\/meet-our-team\/#breadcrumb\"},\"inLanguage\":\"en-US\",\"potentialAction\":[{\"@type\":\"ReadAction\",\"target\":[\"https:\/\/businecon.com\/meet-our-team\/\"]}]},{\"@type\":\"BreadcrumbList\",\"@id\":\"https:\/\/businecon.com\/meet-our-team\/#breadcrumb\",\"itemListElement\":[{\"@type\":\"ListItem\",\"position\":1,\"name\":\"Portada\",\"item\":\"https:\/\/businecon.com\/\"},{\"@type\":\"ListItem\",\"position\":2,\"name\":\"Meet Our Team\"}]},{\"@type\":\"WebSite\",\"@id\":\"https:\/\/businecon.com\/#website\",\"url\":\"https:\/\/businecon.com\/\",\"name\":\"Business Economics\",\"description\":\"Business Economics es una empresa de consultor\u00eda en el planeamiento y elaboraci\u00f3n de estudios t\u00e9cnicos de transferencia que maximicen el valor de las empresas en el largo plazo.\",\"publisher\":{\"@id\":\"https:\/\/businecon.com\/#organization\"},\"potentialAction\":[{\"@type\":\"SearchAction\",\"target\":{\"@type\":\"EntryPoint\",\"urlTemplate\":\"https:\/\/businecon.com\/?s={search_term_string}\"},\"query-input\":\"required name=search_term_string\"}],\"inLanguage\":\"en-US\"},{\"@type\":\"Organization\",\"@id\":\"https:\/\/businecon.com\/#organization\",\"name\":\"Business Economics\",\"url\":\"https:\/\/businecon.com\/\",\"logo\":{\"@type\":\"ImageObject\",\"inLanguage\":\"en-US\",\"@id\":\"https:\/\/businecon.com\/#\/schema\/logo\/image\/\",\"url\":\"https:\/\/businecon.com\/wp-content\/uploads\/2018\/09\/FAVICON-3.png\",\"contentUrl\":\"https:\/\/businecon.com\/wp-content\/uploads\/2018\/09\/FAVICON-3.png\",\"width\":80,\"height\":80,\"caption\":\"Business Economics\"},\"image\":{\"@id\":\"https:\/\/businecon.com\/#\/schema\/logo\/image\/\"},\"sameAs\":[\"https:\/\/www.facebook.com\/Businecon-175734209019\/\",\"https:\/\/twitter.com\/businecon\",\"https:\/\/www.instagram.com\/businecon\/\"]}]}<\/script>\n<!-- \/ Yoast SEO plugin. -->","yoast_head_json":{"title":"Businecon - Meet our Team","description":"Empresa de consultor\u00eda con 9 a\u00f1os de experiencia en el planeamiento y elaboraci\u00f3n de estudios t\u00e9cnicos de precios de transferencia que maximicen el valor de las empresas en el largo plazo, trabajando de la mano con nuestros clientes.","robots":{"index":"index","follow":"follow","max-snippet":"max-snippet:-1","max-image-preview":"max-image-preview:large","max-video-preview":"max-video-preview:-1"},"canonical":"https:\/\/businecon.com\/en\/meet-our-team\/","og_locale":"en_US","og_type":"article","og_title":"Businecon - Meet our Team","og_description":"Empresa de consultor\u00eda con 9 a\u00f1os de experiencia en el planeamiento y elaboraci\u00f3n de estudios t\u00e9cnicos de precios de transferencia que maximicen el valor de las empresas en el largo plazo, trabajando de la mano con nuestros clientes.","og_url":"https:\/\/businecon.com\/en\/meet-our-team\/","og_site_name":"Business Economics","article_publisher":"https:\/\/www.facebook.com\/Businecon-175734209019\/","twitter_card":"summary_large_image","twitter_site":"@businecon","schema":{"@context":"https:\/\/schema.org","@graph":[{"@type":"WebPage","@id":"https:\/\/businecon.com\/meet-our-team\/","url":"https:\/\/businecon.com\/meet-our-team\/","name":"Businecon - Meet our Team","isPartOf":{"@id":"https:\/\/businecon.com\/#website"},"datePublished":"2017-07-01T05:44:54+00:00","dateModified":"2017-07-01T05:44:54+00:00","description":"Empresa de consultor\u00eda con 9 a\u00f1os de experiencia en el planeamiento y elaboraci\u00f3n de estudios t\u00e9cnicos de precios de transferencia que maximicen el valor de las empresas en el largo plazo, trabajando de la mano con nuestros clientes.","breadcrumb":{"@id":"https:\/\/businecon.com\/meet-our-team\/#breadcrumb"},"inLanguage":"en-US","potentialAction":[{"@type":"ReadAction","target":["https:\/\/businecon.com\/meet-our-team\/"]}]},{"@type":"BreadcrumbList","@id":"https:\/\/businecon.com\/meet-our-team\/#breadcrumb","itemListElement":[{"@type":"ListItem","position":1,"name":"Portada","item":"https:\/\/businecon.com\/"},{"@type":"ListItem","position":2,"name":"Meet Our Team"}]},{"@type":"WebSite","@id":"https:\/\/businecon.com\/#website","url":"https:\/\/businecon.com\/","name":"Business Economics","description":"Business Economics es una empresa de consultor\u00eda en el planeamiento y elaboraci\u00f3n de estudios t\u00e9cnicos de transferencia que maximicen el valor de las empresas en el largo plazo.","publisher":{"@id":"https:\/\/businecon.com\/#organization"},"potentialAction":[{"@type":"SearchAction","target":{"@type":"EntryPoint","urlTemplate":"https:\/\/businecon.com\/?s={search_term_string}"},"query-input":"required name=search_term_string"}],"inLanguage":"en-US"},{"@type":"Organization","@id":"https:\/\/businecon.com\/#organization","name":"Business Economics","url":"https:\/\/businecon.com\/","logo":{"@type":"ImageObject","inLanguage":"en-US","@id":"https:\/\/businecon.com\/#\/schema\/logo\/image\/","url":"https:\/\/businecon.com\/wp-content\/uploads\/2018\/09\/FAVICON-3.png","contentUrl":"https:\/\/businecon.com\/wp-content\/uploads\/2018\/09\/FAVICON-3.png","width":80,"height":80,"caption":"Business Economics"},"image":{"@id":"https:\/\/businecon.com\/#\/schema\/logo\/image\/"},"sameAs":["https:\/\/www.facebook.com\/Businecon-175734209019\/","https:\/\/twitter.com\/businecon","https:\/\/www.instagram.com\/businecon\/"]}]}},"_links":{"self":[{"href":"https:\/\/businecon.com\/en\/wp-json\/wp\/v2\/pages\/111"}],"collection":[{"href":"https:\/\/businecon.com\/en\/wp-json\/wp\/v2\/pages"}],"about":[{"href":"https:\/\/businecon.com\/en\/wp-json\/wp\/v2\/types\/page"}],"author":[{"embeddable":true,"href":"https:\/\/businecon.com\/en\/wp-json\/wp\/v2\/users\/1"}],"replies":[{"embeddable":true,"href":"https:\/\/businecon.com\/en\/wp-json\/wp\/v2\/comments?post=111"}],"version-history":[{"count":0,"href":"https:\/\/businecon.com\/en\/wp-json\/wp\/v2\/pages\/111\/revisions"}],"wp:attachment":[{"href":"https:\/\/businecon.com\/en\/wp-json\/wp\/v2\/media?parent=111"}],"curies":[{"name":"wp","href":"https:\/\/api.w.org\/{rel}","templated":true}]}}